{"id":1105,"date":"2023-02-02T01:58:17","date_gmt":"2023-02-02T00:58:17","guid":{"rendered":"https:\/\/www.asp.crotone.it\/?page_id=1105"},"modified":"2024-09-05T21:08:00","modified_gmt":"2024-09-05T19:08:00","slug":"presentazione","status":"publish","type":"page","link":"https:\/\/www.asp.crotone.it\/?page_id=1105","title":{"rendered":"Presentazione"},"content":{"rendered":"\t\t<div data-elementor-type=\"wp-page\" data-elementor-id=\"1105\" class=\"elementor elementor-1105\" data-elementor-post-type=\"page\">\n\t\t\t\t\t\t<section class=\"elementor-section elementor-top-section elementor-element elementor-element-f1a1490 elementor-section-boxed elementor-section-height-default elementor-section-height-default\" data-id=\"f1a1490\" data-element_type=\"section\">\n\t\t\t\t\t\t<div class=\"elementor-container elementor-column-gap-default\">\n\t\t\t\t\t<div class=\"elementor-column elementor-col-50 elementor-top-column elementor-element elementor-element-f1610a7\" data-id=\"f1610a7\" data-element_type=\"column\">\n\t\t\t<div class=\"elementor-widget-wrap elementor-element-populated\">\n\t\t\t\t\t\t<div class=\"elementor-element elementor-element-4e570cc elementor-widget elementor-widget-html\" data-id=\"4e570cc\" data-element_type=\"widget\" data-widget_type=\"html.default\">\n\t\t\t\t<div class=\"elementor-widget-container\">\n\t\t\t\t\t<p data-audio>\n\tL' Azienda Sanitaria di Crotone \u00e8 una delle 5 aziende sanitarie della Regione Calabria. E' stata istituita nel 1995, quando sono state unificate in un'unica Azienda sanitaria territoriale le tre USL nelle quali era articolata la sanit\u00e0 \n\tpubblica della Provincia di Crotone.\n\t<br>\n\tIl compito istituzionale dell'Azienda Sanitaria di Crotone \u00e8 quello di garantire la tutela ed il diritto alla salute dei cittadini residenti nel proprio territorio, che coincide con quello della provincia di Crotone, suddiviso in 27 comuni, \n\tdi cui 4 con popolazione superiore ai 10.000 abitanti.\n\t<br>\n\t<br>\n\tIn particolare, l'Azienda gestisce le attivit\u00e0 sanitarie di prevenzione, cura e riabilitazione, nonch\u00e9 le attivit\u00e0 sociali proprie o ad essa delegate dai Comuni, con l'obbiettivo di garantire i livelli di assistenza previsti dal \n\tPiano Sanitario Regionale.\n\t<br>\n\t<br>\n\tLa popolazione assistita al ( 01.01.2019) ammonta a 174.980 abitanti di questi 88.397 sono maschi e 86.583 femmine. L\u2019estensione territoriale \u00e8 di  1.735,68 Kmq; la densit\u00e0 di popolazione \u00e8 di 100,81 abitanti per Kmq.\n\t<br>\n\t<br>\n\t<strong>Personale dipendente<\/strong><br>\n\tRisultavano in servizio dipendenti a tempo indeterminato e  a tempo determinato.\n\tAll'interno dell'Azienda operano anche medici specialisti convenzionati, medici di medicina generale  e pediatri di libera scelta .\n\t<br>\n\t<br>\n\t<strong>L'organizzazione<\/strong><br>\n\tL'Azienda Sanitaria \u00e8 composta da macrostrutture che sono articolazioni organizzative interne all'Azienda dotate di autonomia tecnico gestionale ed economico finanziaria. Le macrostrutture individuate per l'Azienda Sanitaria di Crotone sono:\n\t<br>\n\t<br>\n\t<strong>Il Presidio Ospedalierio<\/strong><br>\n\tNelle strutture ospedaliere viene garantita l'assistenza sanitaria in condizioni di ricovero per le malattie in fase acuta e le prestazioni di carattere specialistico ambulatoriale.\n\t<br>\n\t<br>\n\t<strong>Il Distretto Sanitario Unico Aziendale<\/strong><br>\n\tE' articolato in  strutture semplici sub-distrettuali destinate ad assicurare alla popolazione l'accesso ai servizi e alle prestazioni sanitarie e sociali ad elevata integrazione sanitaria. Nella nostra realt\u00e0 sono state individuate tre zone di sub-distretto, che ricomprendono i 27 comuni che costituiscono la provincia di Crotone.\n\t<br>\n\t<br>\n\t<strong>Il Dipartimento della Prevenzione<\/strong><br>\n\tE' preposto alla erogazione di prestazioni e servizi relativi alle aree di sanit\u00e0 pubblica, tutela della salute e di sicurezza degli ambienti di vita e di lavoro e di sanit\u00e0 pubblica veterinaria.\n\t<br>\n\t<br>\n\t<strong>Il Dipartimento di Salute Mentale e delle Dipendenze<\/strong><br>\n\tIl Dipartimento di Salute Mentale e delle Dipendenze costituisce la macrostruttura Aziendale preposta alla direzione tecnico organizzativa, alla programmazione ed al coordinamento dell'insieme delle attivit\u00e0 di prevenzione , diagnosi, cura e riabilitazione volte per garantire gli obiettivi e i programmi in materia di tutela della salute mentale definiti dalla specifica programmazione regionale e locale ovvero quelli relativi all'assistenza ai tossicodipendenti.\n\t<br>\n\t<br>\n\t<strong>I Dipartimenti Ospedalieri<\/strong><br>\n\tSono macrostrutture complesse che aggregano risorse professionali di tipo medico, infermieristico e tecnico e assicurano la direzione e l'organizzazione delle attivit\u00e0 di competenza nel rispetto degli indirizzi aziendali.\n\t<br>\n\t<br>\n\tI Dipartimenti Ospedalieri individuati nell'Azienda Sanitaria  di Crotone sono:<br>\n\t<ul style=\"margin-left: 40px; list-style-type: square;\">\n\t\t<li>Emergenza-Urgenza-Accettazione<\/li>\n\t\t<li>AFO Medica<\/li>\n\t\t<li>AFO Servizi Sanitari Diagnostici e di Supporto <\/li>\n\t\t<li>AFO Chirurgica<\/li>\n\t\t<li>Materno Infantile<\/li>\n\t\t<li>Salute Mentale e delle Dipendenze<\/li>\n\t<\/ul>\n\t<br>\n\t<strong>Il Dipartimento Amministrativo<\/strong><br>\n\tSono macrostrutture composta da pi\u00f9 Unit\u00e0 Operative che gestiscono le attivit\u00e0 amministrative tipiche aziendali, le funzioni di coordinamento e di indirizzo aziendali. Agiscono a livello aziendale, distrettuale e di presidio ospedaliero per assicurare una gestione unitaria delle attivit\u00e0 amministrative e delle attivit\u00e0 tecniche.\n<\/p>\n\t\t\t\t<\/div>\n\t\t\t\t<\/div>\n\t\t\t\t\t<\/div>\n\t\t<\/div>\n\t\t\t\t<div class=\"elementor-column elementor-col-50 elementor-top-column elementor-element elementor-element-2f67892\" data-id=\"2f67892\" data-element_type=\"column\">\n\t\t\t<div class=\"elementor-widget-wrap elementor-element-populated\">\n\t\t\t\t\t\t<div class=\"elementor-element elementor-element-98dab9e elementor-widget elementor-widget-wpb-accordion-menu\" data-id=\"98dab9e\" data-element_type=\"widget\" data-widget_type=\"wpb-accordion-menu.default\">\n\t\t\t\t<div class=\"elementor-widget-container\">\n\t\t\t\t\t\n\t\t\t<div class=\"wpb-wmca-elementor-widget\">\n\t\t\t\t\t<div class=\"wpb_category_n_menu_accordion wpb_wmca_accordion_wrapper_theme_dark\" data-accordion=\"false\" data-indicator_icon=\"\" data-iconclass=\"\">\n\t\t<ul id=\"menu-istituzione\" class=\"wpb_category_n_menu_accordion_list\"><li id=\"menu-item-1181\" class=\"menu-item menu-item-type-custom menu-item-object-custom menu-item-has-children menu-item-1181\"><a href=\"#\">Istituzione<\/a>\n<ul class=\"sub-menu\">\n\t<li id=\"menu-item-1185\" class=\"menu-item menu-item-type-post_type menu-item-object-page menu-item-1185\"><a href=\"https:\/\/www.asp.crotone.it\/?page_id=1105\">Presentazione<\/a><\/li>\n\t<li id=\"menu-item-1184\" class=\"menu-item menu-item-type-post_type menu-item-object-page menu-item-1184\"><a href=\"https:\/\/www.asp.crotone.it\/?page_id=1106\">Atto Aziendale<\/a><\/li>\n\t<li id=\"menu-item-1183\" class=\"menu-item menu-item-type-post_type menu-item-object-page menu-item-1183\"><a href=\"https:\/\/www.asp.crotone.it\/?page_id=1107\">Privacy<\/a><\/li>\n\t<li id=\"menu-item-1182\" class=\"menu-item menu-item-type-post_type menu-item-object-page menu-item-1182\"><a href=\"https:\/\/www.asp.crotone.it\/?page_id=1108\">Carta dei Servizi<\/a><\/li>\n<\/ul>\n<\/li>\n<li id=\"menu-item-1193\" class=\"menu-item menu-item-type-custom menu-item-object-custom menu-item-has-children menu-item-1193\"><a href=\"#\">Chi siamo<\/a>\n<ul class=\"sub-menu\">\n\t<li id=\"menu-item-1196\" class=\"menu-item menu-item-type-post_type menu-item-object-page menu-item-1196\"><a href=\"https:\/\/www.asp.crotone.it\/?page_id=1120\">La Direzione Generale e Uffici di Staff<\/a><\/li>\n\t<li id=\"menu-item-1195\" class=\"menu-item menu-item-type-post_type menu-item-object-page menu-item-1195\"><a href=\"https:\/\/www.asp.crotone.it\/?page_id=1122\">Direzione Amministrativa e Uffici di Staff<\/a><\/li>\n\t<li id=\"menu-item-1194\" class=\"menu-item menu-item-type-post_type menu-item-object-page menu-item-1194\"><a href=\"https:\/\/www.asp.crotone.it\/?page_id=1123\">Direzione Sanitaria e Uffici di Staff<\/a><\/li>\n\t<li id=\"menu-item-4411\" class=\"menu-item menu-item-type-post_type menu-item-object-page menu-item-4411\"><a href=\"https:\/\/www.asp.crotone.it\/?page_id=4310\">Direzione Medica di Presidio<\/a><\/li>\n<\/ul>\n<\/li>\n<li id=\"menu-item-1187\" class=\"menu-item menu-item-type-custom menu-item-object-custom menu-item-has-children menu-item-1187\"><a href=\"#\">Organismi<\/a>\n<ul class=\"sub-menu\">\n\t<li id=\"menu-item-1191\" class=\"menu-item menu-item-type-post_type menu-item-object-page menu-item-1191\"><a href=\"https:\/\/www.asp.crotone.it\/?page_id=1115\">Collegio di Direzione<\/a><\/li>\n\t<li id=\"menu-item-1190\" class=\"menu-item menu-item-type-post_type menu-item-object-page menu-item-1190\"><a href=\"https:\/\/www.asp.crotone.it\/?page_id=1116\">Conferenza dei Sindaci<\/a><\/li>\n\t<li id=\"menu-item-1189\" class=\"menu-item menu-item-type-post_type menu-item-object-page menu-item-1189\"><a href=\"https:\/\/www.asp.crotone.it\/?page_id=1117\">Consiglio dei Sanitari<\/a><\/li>\n\t<li id=\"menu-item-1188\" class=\"menu-item menu-item-type-post_type menu-item-object-page menu-item-1188\"><a href=\"https:\/\/www.asp.crotone.it\/?page_id=1118\">Collegio Sindacale<\/a><\/li>\n\t<li id=\"menu-item-1192\" class=\"menu-item menu-item-type-post_type menu-item-object-page menu-item-1192\"><a href=\"https:\/\/www.asp.crotone.it\/?page_id=1119\">OIV \u2013 Organismo Indipendente di Valutazione<\/a><\/li>\n<\/ul>\n<\/li>\n<\/ul>\t<\/div>\n\t\t\t\t<\/div>\n\n\t\t\t\t\t\t<\/div>\n\t\t\t\t<\/div>\n\t\t\t\t\t<\/div>\n\t\t<\/div>\n\t\t\t\t\t<\/div>\n\t\t<\/section>\n\t\t\t\t<\/div>\n\t\t","protected":false},"excerpt":{"rendered":"<p>L&#8217; Azienda Sanitaria di Crotone \u00e8 una delle 5 aziende sanitarie della Regione Calabria. E&#8217; stata istituita nel 1995, quando sono state unificate in un&#8217;unica Azienda sanitaria territoriale le tre USL nelle quali era articolata la [&hellip;]<\/p>\n","protected":false},"author":1,"featured_media":5605,"parent":0,"menu_order":0,"comment_status":"closed","ping_status":"closed","template":"","meta":{"footnotes":"","_links_to":"","_links_to_target":""},"class_list":["post-1105","page","type-page","status-publish","has-post-thumbnail","hentry"],"yoast_head":"<!-- This site is optimized with the Yoast SEO plugin v26.1.1 - https:\/\/yoast.com\/wordpress\/plugins\/seo\/ -->\n<title>Presentazione - Azienda Sanitaria Provinciale di Crotone<\/title>\n<meta name=\"robots\" content=\"index, follow, max-snippet:-1, max-image-preview:large, max-video-preview:-1\" \/>\n<link rel=\"canonical\" href=\"https:\/\/www.asp.crotone.it\/?page_id=1105\" \/>\n<meta property=\"og:locale\" content=\"it_IT\" \/>\n<meta property=\"og:type\" content=\"article\" \/>\n<meta property=\"og:title\" content=\"Presentazione - Azienda Sanitaria Provinciale di Crotone\" \/>\n<meta property=\"og:description\" content=\"L&#8217; Azienda Sanitaria di Crotone \u00e8 una delle 5 aziende sanitarie della Regione Calabria. E&#8217; stata istituita nel 1995, quando sono state unificate in un&#8217;unica Azienda sanitaria territoriale le tre USL nelle quali era articolata la [&hellip;]\" \/>\n<meta property=\"og:url\" content=\"https:\/\/www.asp.crotone.it\/?page_id=1105\" \/>\n<meta property=\"og:site_name\" content=\"Azienda Sanitaria Provinciale di Crotone\" \/>\n<meta property=\"article:modified_time\" content=\"2024-09-05T19:08:00+00:00\" \/>\n<meta property=\"og:image\" content=\"https:\/\/www.asp.crotone.it\/wp-content\/uploads\/2024\/07\/noimg.jpg\" \/>\n\t<meta property=\"og:image:width\" content=\"400\" \/>\n\t<meta property=\"og:image:height\" content=\"222\" \/>\n\t<meta property=\"og:image:type\" content=\"image\/jpeg\" \/>\n<meta name=\"twitter:card\" content=\"summary_large_image\" \/>\n<meta name=\"twitter:label1\" content=\"Tempo di lettura stimato\" \/>\n\t<meta name=\"twitter:data1\" content=\"3 minuti\" \/>\n<script type=\"application\/ld+json\" class=\"yoast-schema-graph\">{\"@context\":\"https:\/\/schema.org\",\"@graph\":[{\"@type\":\"WebPage\",\"@id\":\"https:\/\/www.asp.crotone.it\/?page_id=1105\",\"url\":\"https:\/\/www.asp.crotone.it\/?page_id=1105\",\"name\":\"Presentazione - Azienda Sanitaria Provinciale di Crotone\",\"isPartOf\":{\"@id\":\"https:\/\/www.asp.crotone.it\/#website\"},\"primaryImageOfPage\":{\"@id\":\"https:\/\/www.asp.crotone.it\/?page_id=1105#primaryimage\"},\"image\":{\"@id\":\"https:\/\/www.asp.crotone.it\/?page_id=1105#primaryimage\"},\"thumbnailUrl\":\"https:\/\/www.asp.crotone.it\/wp-content\/uploads\/2024\/07\/noimg.jpg\",\"datePublished\":\"2023-02-02T00:58:17+00:00\",\"dateModified\":\"2024-09-05T19:08:00+00:00\",\"breadcrumb\":{\"@id\":\"https:\/\/www.asp.crotone.it\/?page_id=1105#breadcrumb\"},\"inLanguage\":\"it-IT\",\"potentialAction\":[{\"@type\":\"ReadAction\",\"target\":[\"https:\/\/www.asp.crotone.it\/?page_id=1105\"]}]},{\"@type\":\"ImageObject\",\"inLanguage\":\"it-IT\",\"@id\":\"https:\/\/www.asp.crotone.it\/?page_id=1105#primaryimage\",\"url\":\"https:\/\/www.asp.crotone.it\/wp-content\/uploads\/2024\/07\/noimg.jpg\",\"contentUrl\":\"https:\/\/www.asp.crotone.it\/wp-content\/uploads\/2024\/07\/noimg.jpg\",\"width\":400,\"height\":222},{\"@type\":\"BreadcrumbList\",\"@id\":\"https:\/\/www.asp.crotone.it\/?page_id=1105#breadcrumb\",\"itemListElement\":[{\"@type\":\"ListItem\",\"position\":1,\"name\":\"Home\",\"item\":\"https:\/\/www.asp.crotone.it\/\"},{\"@type\":\"ListItem\",\"position\":2,\"name\":\"Presentazione\"}]},{\"@type\":\"WebSite\",\"@id\":\"https:\/\/www.asp.crotone.it\/#website\",\"url\":\"https:\/\/www.asp.crotone.it\/\",\"name\":\"Azienda Sanitaria Provinciale di Crotone\",\"description\":\"\",\"potentialAction\":[{\"@type\":\"SearchAction\",\"target\":{\"@type\":\"EntryPoint\",\"urlTemplate\":\"https:\/\/www.asp.crotone.it\/?s={search_term_string}\"},\"query-input\":{\"@type\":\"PropertyValueSpecification\",\"valueRequired\":true,\"valueName\":\"search_term_string\"}}],\"inLanguage\":\"it-IT\"}]}<\/script>\n<!-- \/ Yoast SEO plugin. -->","yoast_head_json":{"title":"Presentazione - Azienda Sanitaria Provinciale di Crotone","robots":{"index":"index","follow":"follow","max-snippet":"max-snippet:-1","max-image-preview":"max-image-preview:large","max-video-preview":"max-video-preview:-1"},"canonical":"https:\/\/www.asp.crotone.it\/?page_id=1105","og_locale":"it_IT","og_type":"article","og_title":"Presentazione - Azienda Sanitaria Provinciale di Crotone","og_description":"L&#8217; Azienda Sanitaria di Crotone \u00e8 una delle 5 aziende sanitarie della Regione Calabria. E&#8217; stata istituita nel 1995, quando sono state unificate in un&#8217;unica Azienda sanitaria territoriale le tre USL nelle quali era articolata la [&hellip;]","og_url":"https:\/\/www.asp.crotone.it\/?page_id=1105","og_site_name":"Azienda Sanitaria Provinciale di Crotone","article_modified_time":"2024-09-05T19:08:00+00:00","og_image":[{"width":400,"height":222,"url":"https:\/\/www.asp.crotone.it\/wp-content\/uploads\/2024\/07\/noimg.jpg","type":"image\/jpeg"}],"twitter_card":"summary_large_image","twitter_misc":{"Tempo di lettura stimato":"3 minuti"},"schema":{"@context":"https:\/\/schema.org","@graph":[{"@type":"WebPage","@id":"https:\/\/www.asp.crotone.it\/?page_id=1105","url":"https:\/\/www.asp.crotone.it\/?page_id=1105","name":"Presentazione - Azienda Sanitaria Provinciale di Crotone","isPartOf":{"@id":"https:\/\/www.asp.crotone.it\/#website"},"primaryImageOfPage":{"@id":"https:\/\/www.asp.crotone.it\/?page_id=1105#primaryimage"},"image":{"@id":"https:\/\/www.asp.crotone.it\/?page_id=1105#primaryimage"},"thumbnailUrl":"https:\/\/www.asp.crotone.it\/wp-content\/uploads\/2024\/07\/noimg.jpg","datePublished":"2023-02-02T00:58:17+00:00","dateModified":"2024-09-05T19:08:00+00:00","breadcrumb":{"@id":"https:\/\/www.asp.crotone.it\/?page_id=1105#breadcrumb"},"inLanguage":"it-IT","potentialAction":[{"@type":"ReadAction","target":["https:\/\/www.asp.crotone.it\/?page_id=1105"]}]},{"@type":"ImageObject","inLanguage":"it-IT","@id":"https:\/\/www.asp.crotone.it\/?page_id=1105#primaryimage","url":"https:\/\/www.asp.crotone.it\/wp-content\/uploads\/2024\/07\/noimg.jpg","contentUrl":"https:\/\/www.asp.crotone.it\/wp-content\/uploads\/2024\/07\/noimg.jpg","width":400,"height":222},{"@type":"BreadcrumbList","@id":"https:\/\/www.asp.crotone.it\/?page_id=1105#breadcrumb","itemListElement":[{"@type":"ListItem","position":1,"name":"Home","item":"https:\/\/www.asp.crotone.it\/"},{"@type":"ListItem","position":2,"name":"Presentazione"}]},{"@type":"WebSite","@id":"https:\/\/www.asp.crotone.it\/#website","url":"https:\/\/www.asp.crotone.it\/","name":"Azienda Sanitaria Provinciale di Crotone","description":"","potentialAction":[{"@type":"SearchAction","target":{"@type":"EntryPoint","urlTemplate":"https:\/\/www.asp.crotone.it\/?s={search_term_string}"},"query-input":{"@type":"PropertyValueSpecification","valueRequired":true,"valueName":"search_term_string"}}],"inLanguage":"it-IT"}]}},"_links":{"self":[{"href":"https:\/\/www.asp.crotone.it\/index.php?rest_route=\/wp\/v2\/pages\/1105","targetHints":{"allow":["GET"]}}],"collection":[{"href":"https:\/\/www.asp.crotone.it\/index.php?rest_route=\/wp\/v2\/pages"}],"about":[{"href":"https:\/\/www.asp.crotone.it\/index.php?rest_route=\/wp\/v2\/types\/page"}],"author":[{"embeddable":true,"href":"https:\/\/www.asp.crotone.it\/index.php?rest_route=\/wp\/v2\/users\/1"}],"replies":[{"embeddable":true,"href":"https:\/\/www.asp.crotone.it\/index.php?rest_route=%2Fwp%2Fv2%2Fcomments&post=1105"}],"version-history":[{"count":0,"href":"https:\/\/www.asp.crotone.it\/index.php?rest_route=\/wp\/v2\/pages\/1105\/revisions"}],"wp:featuredmedia":[{"embeddable":true,"href":"https:\/\/www.asp.crotone.it\/index.php?rest_route=\/wp\/v2\/media\/5605"}],"wp:attachment":[{"href":"https:\/\/www.asp.crotone.it\/index.php?rest_route=%2Fwp%2Fv2%2Fmedia&parent=1105"}],"curies":[{"name":"wp","href":"https:\/\/api.w.org\/{rel}","templated":true}]}}