{"id":1115,"date":"2023-01-24T02:11:13","date_gmt":"2023-01-24T01:11:13","guid":{"rendered":"https:\/\/www.asp.crotone.it\/?page_id=1115"},"modified":"2024-07-08T19:41:12","modified_gmt":"2024-07-08T17:41:12","slug":"collegio-di-direzione","status":"publish","type":"page","link":"https:\/\/www.asp.crotone.it\/?page_id=1115","title":{"rendered":"Collegio di Direzione"},"content":{"rendered":"\t\t<div data-elementor-type=\"wp-page\" data-elementor-id=\"1115\" class=\"elementor elementor-1115\" data-elementor-post-type=\"page\">\n\t\t\t\t\t\t<section class=\"elementor-section elementor-top-section elementor-element elementor-element-6faf4c4b elementor-section-boxed elementor-section-height-default elementor-section-height-default\" data-id=\"6faf4c4b\" data-element_type=\"section\">\n\t\t\t\t\t\t<div class=\"elementor-container elementor-column-gap-default\">\n\t\t\t\t\t<div class=\"elementor-column elementor-col-50 elementor-top-column elementor-element elementor-element-33b1f727\" data-id=\"33b1f727\" data-element_type=\"column\">\n\t\t\t<div class=\"elementor-widget-wrap elementor-element-populated\">\n\t\t\t\t\t\t<div class=\"elementor-element elementor-element-4173c476 elementor-widget elementor-widget-text-editor\" data-id=\"4173c476\" data-element_type=\"widget\" data-widget_type=\"text-editor.default\">\n\t\t\t\t<div class=\"elementor-widget-container\">\n\t\t\t\t\t\t\t\t\t<p>Nell\u2019Azienda \u00e8 costituito il Collegio di Direzione di cui all\u2019articolo 7 del Dlgs 502\/92, la sua attivit\u00e0 e composizione \u00e8 stabilita&nbsp; in esecuzione di quanto al riguardo disposto dalla&nbsp; Regione.<\/p>\n<p><strong>Il Collegio di Direzione \u00e8 presieduto dal Direttore Generale ed \u00e8 composto<\/strong>:<\/p>\n<ul style=\"margin-left: 60px !important; list-style: disc;\">\n<li><em>dal Direttore Sanitario<\/em><\/li>\n<li><em>dal Direttore Amministrativo<\/em><\/li>\n<li><em>dai Direttori di Dipartimento<\/em><\/li>\n<li><em>dal Direttore del Dipartimento Unico Aziendale&nbsp;<\/em><\/li>\n<li><em>dal Dirigente Medico del Presidio Ospedaliero Unico Aziendale<\/em><\/li>\n<li>dal Direttore dell&#8217;Area &nbsp;Programmazione e Controllo<\/li>\n<\/ul><div><br><\/div>\n<p><strong>Collegio di direzione supporta, con attivit\u00e0 di proposta e consultive, il Direttore Generale:<\/strong><\/p>\n<ul style=\"margin-left: 60px !important; list-style: disc;\">\n<li>per il governo delle attivit\u00e0 cliniche<\/li>\n<li>per la programmazione e valutazione delle attivit\u00e0 tecnico-sanitarie e ad alta integrazione sanitaria.<\/li>\n<li>per la elaborazione del programma di attivit\u00e0 dell\u2019Azienda<\/li>\n<li>per l\u2019organizzazione e lo sviluppo dei servizi e per l\u2019utilizzo delle risorse umane<\/li>\n<\/ul><div><br><\/div>\n<p><strong>Il Collegio di direzione concorre inoltre alla formulazione:<\/strong><\/p>\n<ul style=\"margin-left: 60px !important; list-style: disc;\">\n<li>dei programmi di formazione.<\/li>\n<li>delle soluzioni organizzative per l\u2019attuazione dell\u2019attivit\u00e0 libero-professionale intramuraria<\/li>\n<li>alla valutazione dei risultati conseguiti rispetto agli obiettivi clinici<\/li>\n<\/ul><div><br><\/div>\n<p><strong>&nbsp;Il Collegio \u00e8 convocato dal Direttore Generale&nbsp;<\/strong>in ordine all\u2019assolvimento delle funzioni attribuite e con&nbsp; frequenza&nbsp; almeno semestrale.<\/p>\t\t\t\t\t\t\t\t<\/div>\n\t\t\t\t<\/div>\n\t\t\t\t\t<\/div>\n\t\t<\/div>\n\t\t\t\t<div class=\"elementor-column elementor-col-50 elementor-top-column elementor-element elementor-element-d29c369\" data-id=\"d29c369\" data-element_type=\"column\">\n\t\t\t<div class=\"elementor-widget-wrap elementor-element-populated\">\n\t\t\t\t\t\t<div class=\"elementor-element elementor-element-80f9317 elementor-widget elementor-widget-wpb-accordion-menu\" data-id=\"80f9317\" data-element_type=\"widget\" data-widget_type=\"wpb-accordion-menu.default\">\n\t\t\t\t<div class=\"elementor-widget-container\">\n\t\t\t\t\t\n\t\t\t<div class=\"wpb-wmca-elementor-widget\">\n\t\t\t\t\t<div class=\"wpb_category_n_menu_accordion wpb_wmca_accordion_wrapper_theme_dark\" data-accordion=\"true\" data-indicator_icon=\"\" data-iconclass=\"\">\n\t\t<ul id=\"menu-istituzione\" class=\"wpb_category_n_menu_accordion_list\"><li id=\"menu-item-1181\" class=\"menu-item menu-item-type-custom menu-item-object-custom menu-item-has-children menu-item-1181\"><a href=\"#\">Istituzione<\/a>\n<ul class=\"sub-menu\">\n\t<li id=\"menu-item-1185\" class=\"menu-item menu-item-type-post_type menu-item-object-page menu-item-1185\"><a href=\"https:\/\/www.asp.crotone.it\/?page_id=1105\">Presentazione<\/a><\/li>\n\t<li id=\"menu-item-1184\" class=\"menu-item menu-item-type-post_type menu-item-object-page menu-item-1184\"><a href=\"https:\/\/www.asp.crotone.it\/?page_id=1106\">Atto Aziendale<\/a><\/li>\n\t<li id=\"menu-item-1183\" class=\"menu-item menu-item-type-post_type menu-item-object-page menu-item-1183\"><a href=\"https:\/\/www.asp.crotone.it\/?page_id=1107\">Privacy<\/a><\/li>\n\t<li id=\"menu-item-1182\" class=\"menu-item menu-item-type-post_type menu-item-object-page menu-item-1182\"><a href=\"https:\/\/www.asp.crotone.it\/?page_id=1108\">Carta dei Servizi<\/a><\/li>\n<\/ul>\n<\/li>\n<li id=\"menu-item-1193\" class=\"menu-item menu-item-type-custom menu-item-object-custom menu-item-has-children menu-item-1193\"><a href=\"#\">Chi siamo<\/a>\n<ul class=\"sub-menu\">\n\t<li id=\"menu-item-1196\" class=\"menu-item menu-item-type-post_type menu-item-object-page menu-item-1196\"><a href=\"https:\/\/www.asp.crotone.it\/?page_id=1120\">La Direzione Generale e Uffici di Staff<\/a><\/li>\n\t<li id=\"menu-item-1195\" class=\"menu-item menu-item-type-post_type menu-item-object-page menu-item-1195\"><a href=\"https:\/\/www.asp.crotone.it\/?page_id=1122\">Direzione Amministrativa e Uffici di Staff<\/a><\/li>\n\t<li id=\"menu-item-1194\" class=\"menu-item menu-item-type-post_type menu-item-object-page menu-item-1194\"><a href=\"https:\/\/www.asp.crotone.it\/?page_id=1123\">Direzione Sanitaria e Uffici di Staff<\/a><\/li>\n\t<li id=\"menu-item-4411\" class=\"menu-item menu-item-type-post_type menu-item-object-page menu-item-4411\"><a href=\"https:\/\/www.asp.crotone.it\/?page_id=4310\">Direzione Medica di Presidio<\/a><\/li>\n<\/ul>\n<\/li>\n<li id=\"menu-item-1187\" class=\"menu-item menu-item-type-custom menu-item-object-custom menu-item-has-children menu-item-1187\"><a href=\"#\">Organismi<\/a>\n<ul class=\"sub-menu\">\n\t<li id=\"menu-item-1191\" class=\"menu-item menu-item-type-post_type menu-item-object-page menu-item-1191\"><a href=\"https:\/\/www.asp.crotone.it\/?page_id=1115\">Collegio di Direzione<\/a><\/li>\n\t<li id=\"menu-item-1190\" class=\"menu-item menu-item-type-post_type menu-item-object-page menu-item-1190\"><a href=\"https:\/\/www.asp.crotone.it\/?page_id=1116\">Conferenza dei Sindaci<\/a><\/li>\n\t<li id=\"menu-item-1189\" class=\"menu-item menu-item-type-post_type menu-item-object-page menu-item-1189\"><a href=\"https:\/\/www.asp.crotone.it\/?page_id=1117\">Consiglio dei Sanitari<\/a><\/li>\n\t<li id=\"menu-item-1188\" class=\"menu-item menu-item-type-post_type menu-item-object-page menu-item-1188\"><a href=\"https:\/\/www.asp.crotone.it\/?page_id=1118\">Collegio Sindacale<\/a><\/li>\n\t<li id=\"menu-item-1192\" class=\"menu-item menu-item-type-post_type menu-item-object-page menu-item-1192\"><a href=\"https:\/\/www.asp.crotone.it\/?page_id=1119\">OIV \u2013 Organismo Indipendente di Valutazione<\/a><\/li>\n<\/ul>\n<\/li>\n<\/ul>\t<\/div>\n\t\t\t\t<\/div>\n\n\t\t\t\t\t\t<\/div>\n\t\t\t\t<\/div>\n\t\t\t\t\t<\/div>\n\t\t<\/div>\n\t\t\t\t\t<\/div>\n\t\t<\/section>\n\t\t\t\t<\/div>\n\t\t","protected":false},"excerpt":{"rendered":"<p>Nell\u2019Azienda \u00e8 costituito il Collegio di Direzione di cui all\u2019articolo 7 del Dlgs 502\/92, la sua attivit\u00e0 e composizione \u00e8 stabilita&nbsp; in esecuzione di quanto al riguardo disposto dalla&nbsp; Regione. Il Collegio di Direzione \u00e8 presieduto [&hellip;]<\/p>\n","protected":false},"author":1,"featured_media":5605,"parent":0,"menu_order":0,"comment_status":"closed","ping_status":"closed","template":"","meta":{"footnotes":"","_links_to":"","_links_to_target":""},"class_list":["post-1115","page","type-page","status-publish","has-post-thumbnail","hentry"],"yoast_head":"<!-- This site is optimized with the Yoast SEO plugin v26.1.1 - https:\/\/yoast.com\/wordpress\/plugins\/seo\/ -->\n<title>Collegio di Direzione - Azienda Sanitaria Provinciale di Crotone<\/title>\n<meta name=\"robots\" content=\"index, follow, max-snippet:-1, max-image-preview:large, max-video-preview:-1\" \/>\n<link rel=\"canonical\" href=\"https:\/\/www.asp.crotone.it\/?page_id=1115\" \/>\n<meta property=\"og:locale\" content=\"it_IT\" \/>\n<meta property=\"og:type\" content=\"article\" \/>\n<meta property=\"og:title\" content=\"Collegio di Direzione - Azienda Sanitaria Provinciale di Crotone\" \/>\n<meta property=\"og:description\" content=\"Nell\u2019Azienda \u00e8 costituito il Collegio di Direzione di cui all\u2019articolo 7 del Dlgs 502\/92, la sua attivit\u00e0 e composizione \u00e8 stabilita&nbsp; in esecuzione di quanto al riguardo disposto dalla&nbsp; Regione. Il Collegio di Direzione \u00e8 presieduto [&hellip;]\" \/>\n<meta property=\"og:url\" content=\"https:\/\/www.asp.crotone.it\/?page_id=1115\" \/>\n<meta property=\"og:site_name\" content=\"Azienda Sanitaria Provinciale di Crotone\" \/>\n<meta property=\"article:modified_time\" content=\"2024-07-08T17:41:12+00:00\" \/>\n<meta property=\"og:image\" content=\"https:\/\/www.asp.crotone.it\/wp-content\/uploads\/2024\/07\/noimg.jpg\" \/>\n\t<meta property=\"og:image:width\" content=\"400\" \/>\n\t<meta property=\"og:image:height\" content=\"222\" \/>\n\t<meta property=\"og:image:type\" content=\"image\/jpeg\" \/>\n<meta name=\"twitter:card\" content=\"summary_large_image\" \/>\n<meta name=\"twitter:label1\" content=\"Tempo di lettura stimato\" \/>\n\t<meta name=\"twitter:data1\" content=\"1 minuto\" \/>\n<script type=\"application\/ld+json\" class=\"yoast-schema-graph\">{\"@context\":\"https:\/\/schema.org\",\"@graph\":[{\"@type\":\"WebPage\",\"@id\":\"https:\/\/www.asp.crotone.it\/?page_id=1115\",\"url\":\"https:\/\/www.asp.crotone.it\/?page_id=1115\",\"name\":\"Collegio di Direzione - Azienda Sanitaria Provinciale di Crotone\",\"isPartOf\":{\"@id\":\"https:\/\/www.asp.crotone.it\/#website\"},\"primaryImageOfPage\":{\"@id\":\"https:\/\/www.asp.crotone.it\/?page_id=1115#primaryimage\"},\"image\":{\"@id\":\"https:\/\/www.asp.crotone.it\/?page_id=1115#primaryimage\"},\"thumbnailUrl\":\"https:\/\/www.asp.crotone.it\/wp-content\/uploads\/2024\/07\/noimg.jpg\",\"datePublished\":\"2023-01-24T01:11:13+00:00\",\"dateModified\":\"2024-07-08T17:41:12+00:00\",\"breadcrumb\":{\"@id\":\"https:\/\/www.asp.crotone.it\/?page_id=1115#breadcrumb\"},\"inLanguage\":\"it-IT\",\"potentialAction\":[{\"@type\":\"ReadAction\",\"target\":[\"https:\/\/www.asp.crotone.it\/?page_id=1115\"]}]},{\"@type\":\"ImageObject\",\"inLanguage\":\"it-IT\",\"@id\":\"https:\/\/www.asp.crotone.it\/?page_id=1115#primaryimage\",\"url\":\"https:\/\/www.asp.crotone.it\/wp-content\/uploads\/2024\/07\/noimg.jpg\",\"contentUrl\":\"https:\/\/www.asp.crotone.it\/wp-content\/uploads\/2024\/07\/noimg.jpg\",\"width\":400,\"height\":222},{\"@type\":\"BreadcrumbList\",\"@id\":\"https:\/\/www.asp.crotone.it\/?page_id=1115#breadcrumb\",\"itemListElement\":[{\"@type\":\"ListItem\",\"position\":1,\"name\":\"Home\",\"item\":\"https:\/\/www.asp.crotone.it\/\"},{\"@type\":\"ListItem\",\"position\":2,\"name\":\"Collegio di Direzione\"}]},{\"@type\":\"WebSite\",\"@id\":\"https:\/\/www.asp.crotone.it\/#website\",\"url\":\"https:\/\/www.asp.crotone.it\/\",\"name\":\"Azienda Sanitaria Provinciale di Crotone\",\"description\":\"\",\"potentialAction\":[{\"@type\":\"SearchAction\",\"target\":{\"@type\":\"EntryPoint\",\"urlTemplate\":\"https:\/\/www.asp.crotone.it\/?s={search_term_string}\"},\"query-input\":{\"@type\":\"PropertyValueSpecification\",\"valueRequired\":true,\"valueName\":\"search_term_string\"}}],\"inLanguage\":\"it-IT\"}]}<\/script>\n<!-- \/ Yoast SEO plugin. -->","yoast_head_json":{"title":"Collegio di Direzione - Azienda Sanitaria Provinciale di Crotone","robots":{"index":"index","follow":"follow","max-snippet":"max-snippet:-1","max-image-preview":"max-image-preview:large","max-video-preview":"max-video-preview:-1"},"canonical":"https:\/\/www.asp.crotone.it\/?page_id=1115","og_locale":"it_IT","og_type":"article","og_title":"Collegio di Direzione - Azienda Sanitaria Provinciale di Crotone","og_description":"Nell\u2019Azienda \u00e8 costituito il Collegio di Direzione di cui all\u2019articolo 7 del Dlgs 502\/92, la sua attivit\u00e0 e composizione \u00e8 stabilita&nbsp; in esecuzione di quanto al riguardo disposto dalla&nbsp; Regione. Il Collegio di Direzione \u00e8 presieduto [&hellip;]","og_url":"https:\/\/www.asp.crotone.it\/?page_id=1115","og_site_name":"Azienda Sanitaria Provinciale di Crotone","article_modified_time":"2024-07-08T17:41:12+00:00","og_image":[{"width":400,"height":222,"url":"https:\/\/www.asp.crotone.it\/wp-content\/uploads\/2024\/07\/noimg.jpg","type":"image\/jpeg"}],"twitter_card":"summary_large_image","twitter_misc":{"Tempo di lettura stimato":"1 minuto"},"schema":{"@context":"https:\/\/schema.org","@graph":[{"@type":"WebPage","@id":"https:\/\/www.asp.crotone.it\/?page_id=1115","url":"https:\/\/www.asp.crotone.it\/?page_id=1115","name":"Collegio di Direzione - Azienda Sanitaria Provinciale di Crotone","isPartOf":{"@id":"https:\/\/www.asp.crotone.it\/#website"},"primaryImageOfPage":{"@id":"https:\/\/www.asp.crotone.it\/?page_id=1115#primaryimage"},"image":{"@id":"https:\/\/www.asp.crotone.it\/?page_id=1115#primaryimage"},"thumbnailUrl":"https:\/\/www.asp.crotone.it\/wp-content\/uploads\/2024\/07\/noimg.jpg","datePublished":"2023-01-24T01:11:13+00:00","dateModified":"2024-07-08T17:41:12+00:00","breadcrumb":{"@id":"https:\/\/www.asp.crotone.it\/?page_id=1115#breadcrumb"},"inLanguage":"it-IT","potentialAction":[{"@type":"ReadAction","target":["https:\/\/www.asp.crotone.it\/?page_id=1115"]}]},{"@type":"ImageObject","inLanguage":"it-IT","@id":"https:\/\/www.asp.crotone.it\/?page_id=1115#primaryimage","url":"https:\/\/www.asp.crotone.it\/wp-content\/uploads\/2024\/07\/noimg.jpg","contentUrl":"https:\/\/www.asp.crotone.it\/wp-content\/uploads\/2024\/07\/noimg.jpg","width":400,"height":222},{"@type":"BreadcrumbList","@id":"https:\/\/www.asp.crotone.it\/?page_id=1115#breadcrumb","itemListElement":[{"@type":"ListItem","position":1,"name":"Home","item":"https:\/\/www.asp.crotone.it\/"},{"@type":"ListItem","position":2,"name":"Collegio di Direzione"}]},{"@type":"WebSite","@id":"https:\/\/www.asp.crotone.it\/#website","url":"https:\/\/www.asp.crotone.it\/","name":"Azienda Sanitaria Provinciale di Crotone","description":"","potentialAction":[{"@type":"SearchAction","target":{"@type":"EntryPoint","urlTemplate":"https:\/\/www.asp.crotone.it\/?s={search_term_string}"},"query-input":{"@type":"PropertyValueSpecification","valueRequired":true,"valueName":"search_term_string"}}],"inLanguage":"it-IT"}]}},"_links":{"self":[{"href":"https:\/\/www.asp.crotone.it\/index.php?rest_route=\/wp\/v2\/pages\/1115","targetHints":{"allow":["GET"]}}],"collection":[{"href":"https:\/\/www.asp.crotone.it\/index.php?rest_route=\/wp\/v2\/pages"}],"about":[{"href":"https:\/\/www.asp.crotone.it\/index.php?rest_route=\/wp\/v2\/types\/page"}],"author":[{"embeddable":true,"href":"https:\/\/www.asp.crotone.it\/index.php?rest_route=\/wp\/v2\/users\/1"}],"replies":[{"embeddable":true,"href":"https:\/\/www.asp.crotone.it\/index.php?rest_route=%2Fwp%2Fv2%2Fcomments&post=1115"}],"version-history":[{"count":0,"href":"https:\/\/www.asp.crotone.it\/index.php?rest_route=\/wp\/v2\/pages\/1115\/revisions"}],"wp:featuredmedia":[{"embeddable":true,"href":"https:\/\/www.asp.crotone.it\/index.php?rest_route=\/wp\/v2\/media\/5605"}],"wp:attachment":[{"href":"https:\/\/www.asp.crotone.it\/index.php?rest_route=%2Fwp%2Fv2%2Fmedia&parent=1115"}],"curies":[{"name":"wp","href":"https:\/\/api.w.org\/{rel}","templated":true}]}}