{"id":1204,"date":"2023-01-30T14:52:42","date_gmt":"2023-01-30T13:52:42","guid":{"rendered":"https:\/\/www.asp.crotone.it\/?page_id=1204"},"modified":"2023-02-22T13:08:38","modified_gmt":"2023-02-22T12:08:38","slug":"dipartimenti-ospedale-territorio","status":"publish","type":"page","link":"https:\/\/www.asp.crotone.it\/?page_id=1204","title":{"rendered":"Dipartimenti Ospedale-Territorio"},"content":{"rendered":"\t\t<div data-elementor-type=\"wp-page\" data-elementor-id=\"1204\" class=\"elementor elementor-1204\" data-elementor-post-type=\"page\">\n\t\t\t\t\t\t<section class=\"elementor-section elementor-top-section elementor-element elementor-element-473bf584 elementor-section-boxed elementor-section-height-default elementor-section-height-default\" data-id=\"473bf584\" data-element_type=\"section\">\n\t\t\t\t\t\t<div class=\"elementor-container elementor-column-gap-default\">\n\t\t\t\t\t<div class=\"elementor-column elementor-col-100 elementor-top-column elementor-element elementor-element-6a8dcb33\" data-id=\"6a8dcb33\" data-element_type=\"column\">\n\t\t\t<div class=\"elementor-widget-wrap elementor-element-populated\">\n\t\t\t\t\t\t<div class=\"elementor-element elementor-element-43e6df8d elementor-widget elementor-widget-text-editor\" data-id=\"43e6df8d\" data-element_type=\"widget\" data-widget_type=\"text-editor.default\">\n\t\t\t\t<div class=\"elementor-widget-container\">\n\t\t\t\t\t\t\t\t\t<p>L\u2019organizzazione dipartimentale mista &#8211; attraverso la quale si integrano le diverse competenze presenti in pi\u00f9 strutture organizzative professionali e il territorio &#8211; \u00e8 riconosciuta come il modello di gestione operativa delle attivit\u00e0 produttive della Azienda Sanitaria Provinciale di Crotone, con l\u2019obiettivo di perseguire l\u2019aggregazione dei fattori produttivi in base al \u201cpercorso assistenziale\u201d omogeneo.<\/p>\t\t\t\t\t\t\t\t<\/div>\n\t\t\t\t<\/div>\n\t\t\t\t\t<\/div>\n\t\t<\/div>\n\t\t\t\t\t<\/div>\n\t\t<\/section>\n\t\t\t\t<section class=\"elementor-section elementor-top-section elementor-element elementor-element-53d8a6fe elementor-section-stretched elementor-section-boxed elementor-section-height-default elementor-section-height-default\" data-id=\"53d8a6fe\" data-element_type=\"section\" data-settings=\"{&quot;stretch_section&quot;:&quot;section-stretched&quot;,&quot;background_background&quot;:&quot;classic&quot;}\">\n\t\t\t\t\t\t<div class=\"elementor-container elementor-column-gap-default\">\n\t\t\t\t\t<div class=\"elementor-column elementor-col-100 elementor-top-column elementor-element elementor-element-5db37ce7\" data-id=\"5db37ce7\" data-element_type=\"column\">\n\t\t\t<div class=\"elementor-widget-wrap elementor-element-populated\">\n\t\t\t\t\t\t<div class=\"elementor-element elementor-element-7db4a77f elementor-widget elementor-widget-text-editor\" data-id=\"7db4a77f\" data-element_type=\"widget\" data-widget_type=\"text-editor.default\">\n\t\t\t\t<div class=\"elementor-widget-container\">\n\t\t\t\t\t\t\t\t\t<p><strong>A portata di mano<\/strong><\/p>\t\t\t\t\t\t\t\t<\/div>\n\t\t\t\t<\/div>\n\t\t\t\t\t<\/div>\n\t\t<\/div>\n\t\t\t\t\t<\/div>\n\t\t<\/section>\n\t\t\t\t<section class=\"elementor-section elementor-top-section elementor-element elementor-element-1f702e38 elementor-section-stretched elementor-section-boxed elementor-section-height-default elementor-section-height-default\" data-id=\"1f702e38\" data-element_type=\"section\" data-settings=\"{&quot;stretch_section&quot;:&quot;section-stretched&quot;,&quot;background_background&quot;:&quot;classic&quot;}\">\n\t\t\t\t\t\t<div class=\"elementor-container elementor-column-gap-default\">\n\t\t\t\t\t<div class=\"elementor-column elementor-col-33 elementor-top-column elementor-element elementor-element-65b54d28\" data-id=\"65b54d28\" data-element_type=\"column\" data-settings=\"{&quot;background_background&quot;:&quot;classic&quot;}\">\n\t\t\t<div class=\"elementor-widget-wrap elementor-element-populated\">\n\t\t\t\t\t<div class=\"elementor-background-overlay\"><\/div>\n\t\t\t\t\t\t<section class=\"elementor-section elementor-inner-section elementor-element elementor-element-44a9d404 elementor-section-boxed elementor-section-height-default elementor-section-height-default\" data-id=\"44a9d404\" data-element_type=\"section\">\n\t\t\t\t\t\t\t<div class=\"elementor-background-overlay\"><\/div>\n\t\t\t\t\t\t\t<div class=\"elementor-container elementor-column-gap-default\">\n\t\t\t\t\t<div class=\"elementor-column elementor-col-100 elementor-inner-column elementor-element elementor-element-20af4917\" data-id=\"20af4917\" data-element_type=\"column\">\n\t\t\t<div class=\"elementor-widget-wrap elementor-element-populated\">\n\t\t\t\t\t\t<div class=\"elementor-element elementor-element-21696c95 elementor-widget elementor-widget-text-editor\" data-id=\"21696c95\" data-element_type=\"widget\" data-widget_type=\"text-editor.default\">\n\t\t\t\t<div class=\"elementor-widget-container\">\n\t\t\t\t\t\t\t\t\t<div class=\"item-wrap\"><a href=\"https:\/\/www.asp.crotone.it\/dipartimento-emergenza-urgenza-accettazione\/\"><span class=\"item-text\">Dipartimento Emergenza &#8211; Urgenza &#8211; Accettazione<\/span><\/a><\/div>\t\t\t\t\t\t\t\t<\/div>\n\t\t\t\t<\/div>\n\t\t\t\t\t<\/div>\n\t\t<\/div>\n\t\t\t\t\t<\/div>\n\t\t<\/section>\n\t\t\t\t\t<\/div>\n\t\t<\/div>\n\t\t\t\t<div class=\"elementor-column elementor-col-33 elementor-top-column elementor-element elementor-element-62fbf4c5\" data-id=\"62fbf4c5\" data-element_type=\"column\" data-settings=\"{&quot;background_background&quot;:&quot;classic&quot;}\">\n\t\t\t<div class=\"elementor-widget-wrap elementor-element-populated\">\n\t\t\t\t\t<div class=\"elementor-background-overlay\"><\/div>\n\t\t\t\t\t\t<section class=\"elementor-section elementor-inner-section elementor-element elementor-element-33350a27 elementor-section-boxed elementor-section-height-default elementor-section-height-default\" data-id=\"33350a27\" data-element_type=\"section\">\n\t\t\t\t\t\t\t<div class=\"elementor-background-overlay\"><\/div>\n\t\t\t\t\t\t\t<div class=\"elementor-container elementor-column-gap-default\">\n\t\t\t\t\t<div class=\"elementor-column elementor-col-100 elementor-inner-column elementor-element elementor-element-56db715\" data-id=\"56db715\" data-element_type=\"column\">\n\t\t\t<div class=\"elementor-widget-wrap elementor-element-populated\">\n\t\t\t\t\t\t<div class=\"elementor-element elementor-element-3980c0b8 elementor-widget elementor-widget-text-editor\" data-id=\"3980c0b8\" data-element_type=\"widget\" data-widget_type=\"text-editor.default\">\n\t\t\t\t<div class=\"elementor-widget-container\">\n\t\t\t\t\t\t\t\t\t<div class=\"item-wrap\"><a href=\"https:\/\/www.asp.crotone.it\/dipartimento-salute-mentale-e-delle-dipendenze\/\"><span class=\"item-text\">Dipartimento Salute Mentale e delle Dipendenze<\/span><\/a><\/div>\t\t\t\t\t\t\t\t<\/div>\n\t\t\t\t<\/div>\n\t\t\t\t\t<\/div>\n\t\t<\/div>\n\t\t\t\t\t<\/div>\n\t\t<\/section>\n\t\t\t\t\t<\/div>\n\t\t<\/div>\n\t\t\t\t<div class=\"elementor-column elementor-col-33 elementor-top-column elementor-element elementor-element-258faafd\" data-id=\"258faafd\" data-element_type=\"column\" data-settings=\"{&quot;background_background&quot;:&quot;classic&quot;}\">\n\t\t\t<div class=\"elementor-widget-wrap elementor-element-populated\">\n\t\t\t\t\t<div class=\"elementor-background-overlay\"><\/div>\n\t\t\t\t\t\t<section class=\"elementor-section elementor-inner-section elementor-element elementor-element-5120041 elementor-section-boxed elementor-section-height-default elementor-section-height-default\" data-id=\"5120041\" data-element_type=\"section\">\n\t\t\t\t\t\t\t<div class=\"elementor-background-overlay\"><\/div>\n\t\t\t\t\t\t\t<div class=\"elementor-container elementor-column-gap-default\">\n\t\t\t\t\t<div class=\"elementor-column elementor-col-100 elementor-inner-column elementor-element elementor-element-dd580c5\" data-id=\"dd580c5\" data-element_type=\"column\">\n\t\t\t<div class=\"elementor-widget-wrap elementor-element-populated\">\n\t\t\t\t\t\t<div class=\"elementor-element elementor-element-65bdbc72 elementor-widget elementor-widget-text-editor\" data-id=\"65bdbc72\" data-element_type=\"widget\" data-widget_type=\"text-editor.default\">\n\t\t\t\t<div class=\"elementor-widget-container\">\n\t\t\t\t\t\t\t\t\t<p><a href=\"https:\/\/www.asp.crotone.it\/dipartimento-interaziendale-materno-infantile\/\"><span class=\"item-text\">Dipartimento Interaziendale Materno &#8211; Infantile<\/span><\/a><\/p>\t\t\t\t\t\t\t\t<\/div>\n\t\t\t\t<\/div>\n\t\t\t\t\t<\/div>\n\t\t<\/div>\n\t\t\t\t\t<\/div>\n\t\t<\/section>\n\t\t\t\t\t<\/div>\n\t\t<\/div>\n\t\t\t\t\t<\/div>\n\t\t<\/section>\n\t\t\t\t<\/div>\n\t\t","protected":false},"excerpt":{"rendered":"<p>L\u2019organizzazione dipartimentale mista &#8211; attraverso la quale si integrano le diverse competenze presenti in pi\u00f9 strutture organizzative professionali e il territorio &#8211; \u00e8 riconosciuta come il modello di gestione operativa delle attivit\u00e0 produttive della Azienda Sanitaria [&hellip;]<\/p>\n","protected":false},"author":1,"featured_media":5605,"parent":0,"menu_order":0,"comment_status":"closed","ping_status":"closed","template":"","meta":{"footnotes":"","_links_to":"","_links_to_target":""},"class_list":["post-1204","page","type-page","status-publish","has-post-thumbnail","hentry"],"yoast_head":"<!-- This site is optimized with the Yoast SEO plugin v26.1.1 - https:\/\/yoast.com\/wordpress\/plugins\/seo\/ -->\n<title>Dipartimenti Ospedale-Territorio - Azienda Sanitaria Provinciale di Crotone<\/title>\n<meta name=\"robots\" content=\"index, follow, max-snippet:-1, max-image-preview:large, max-video-preview:-1\" \/>\n<link rel=\"canonical\" href=\"https:\/\/www.asp.crotone.it\/?page_id=1204\" \/>\n<meta property=\"og:locale\" content=\"it_IT\" \/>\n<meta property=\"og:type\" content=\"article\" \/>\n<meta property=\"og:title\" content=\"Dipartimenti Ospedale-Territorio - Azienda Sanitaria Provinciale di Crotone\" \/>\n<meta property=\"og:description\" content=\"L\u2019organizzazione dipartimentale mista &#8211; attraverso la quale si integrano le diverse competenze presenti in pi\u00f9 strutture organizzative professionali e il territorio &#8211; \u00e8 riconosciuta come il modello di gestione operativa delle attivit\u00e0 produttive della Azienda Sanitaria [&hellip;]\" \/>\n<meta property=\"og:url\" content=\"https:\/\/www.asp.crotone.it\/?page_id=1204\" \/>\n<meta property=\"og:site_name\" content=\"Azienda Sanitaria Provinciale di Crotone\" \/>\n<meta property=\"article:modified_time\" content=\"2023-02-22T12:08:38+00:00\" \/>\n<meta property=\"og:image\" content=\"https:\/\/www.asp.crotone.it\/wp-content\/uploads\/2024\/07\/noimg.jpg\" \/>\n\t<meta property=\"og:image:width\" content=\"400\" \/>\n\t<meta property=\"og:image:height\" content=\"222\" \/>\n\t<meta property=\"og:image:type\" content=\"image\/jpeg\" \/>\n<meta name=\"twitter:card\" content=\"summary_large_image\" \/>\n<script type=\"application\/ld+json\" class=\"yoast-schema-graph\">{\"@context\":\"https:\/\/schema.org\",\"@graph\":[{\"@type\":\"WebPage\",\"@id\":\"https:\/\/www.asp.crotone.it\/?page_id=1204\",\"url\":\"https:\/\/www.asp.crotone.it\/?page_id=1204\",\"name\":\"Dipartimenti Ospedale-Territorio - Azienda Sanitaria Provinciale di Crotone\",\"isPartOf\":{\"@id\":\"https:\/\/www.asp.crotone.it\/#website\"},\"primaryImageOfPage\":{\"@id\":\"https:\/\/www.asp.crotone.it\/?page_id=1204#primaryimage\"},\"image\":{\"@id\":\"https:\/\/www.asp.crotone.it\/?page_id=1204#primaryimage\"},\"thumbnailUrl\":\"https:\/\/www.asp.crotone.it\/wp-content\/uploads\/2024\/07\/noimg.jpg\",\"datePublished\":\"2023-01-30T13:52:42+00:00\",\"dateModified\":\"2023-02-22T12:08:38+00:00\",\"breadcrumb\":{\"@id\":\"https:\/\/www.asp.crotone.it\/?page_id=1204#breadcrumb\"},\"inLanguage\":\"it-IT\",\"potentialAction\":[{\"@type\":\"ReadAction\",\"target\":[\"https:\/\/www.asp.crotone.it\/?page_id=1204\"]}]},{\"@type\":\"ImageObject\",\"inLanguage\":\"it-IT\",\"@id\":\"https:\/\/www.asp.crotone.it\/?page_id=1204#primaryimage\",\"url\":\"https:\/\/www.asp.crotone.it\/wp-content\/uploads\/2024\/07\/noimg.jpg\",\"contentUrl\":\"https:\/\/www.asp.crotone.it\/wp-content\/uploads\/2024\/07\/noimg.jpg\",\"width\":400,\"height\":222},{\"@type\":\"BreadcrumbList\",\"@id\":\"https:\/\/www.asp.crotone.it\/?page_id=1204#breadcrumb\",\"itemListElement\":[{\"@type\":\"ListItem\",\"position\":1,\"name\":\"Home\",\"item\":\"https:\/\/www.asp.crotone.it\/\"},{\"@type\":\"ListItem\",\"position\":2,\"name\":\"Dipartimenti Ospedale-Territorio\"}]},{\"@type\":\"WebSite\",\"@id\":\"https:\/\/www.asp.crotone.it\/#website\",\"url\":\"https:\/\/www.asp.crotone.it\/\",\"name\":\"Azienda Sanitaria Provinciale di Crotone\",\"description\":\"\",\"potentialAction\":[{\"@type\":\"SearchAction\",\"target\":{\"@type\":\"EntryPoint\",\"urlTemplate\":\"https:\/\/www.asp.crotone.it\/?s={search_term_string}\"},\"query-input\":{\"@type\":\"PropertyValueSpecification\",\"valueRequired\":true,\"valueName\":\"search_term_string\"}}],\"inLanguage\":\"it-IT\"}]}<\/script>\n<!-- \/ Yoast SEO plugin. -->","yoast_head_json":{"title":"Dipartimenti Ospedale-Territorio - Azienda Sanitaria Provinciale di Crotone","robots":{"index":"index","follow":"follow","max-snippet":"max-snippet:-1","max-image-preview":"max-image-preview:large","max-video-preview":"max-video-preview:-1"},"canonical":"https:\/\/www.asp.crotone.it\/?page_id=1204","og_locale":"it_IT","og_type":"article","og_title":"Dipartimenti Ospedale-Territorio - Azienda Sanitaria Provinciale di Crotone","og_description":"L\u2019organizzazione dipartimentale mista &#8211; attraverso la quale si integrano le diverse competenze presenti in pi\u00f9 strutture organizzative professionali e il territorio &#8211; \u00e8 riconosciuta come il modello di gestione operativa delle attivit\u00e0 produttive della Azienda Sanitaria [&hellip;]","og_url":"https:\/\/www.asp.crotone.it\/?page_id=1204","og_site_name":"Azienda Sanitaria Provinciale di Crotone","article_modified_time":"2023-02-22T12:08:38+00:00","og_image":[{"width":400,"height":222,"url":"https:\/\/www.asp.crotone.it\/wp-content\/uploads\/2024\/07\/noimg.jpg","type":"image\/jpeg"}],"twitter_card":"summary_large_image","schema":{"@context":"https:\/\/schema.org","@graph":[{"@type":"WebPage","@id":"https:\/\/www.asp.crotone.it\/?page_id=1204","url":"https:\/\/www.asp.crotone.it\/?page_id=1204","name":"Dipartimenti Ospedale-Territorio - Azienda Sanitaria Provinciale di Crotone","isPartOf":{"@id":"https:\/\/www.asp.crotone.it\/#website"},"primaryImageOfPage":{"@id":"https:\/\/www.asp.crotone.it\/?page_id=1204#primaryimage"},"image":{"@id":"https:\/\/www.asp.crotone.it\/?page_id=1204#primaryimage"},"thumbnailUrl":"https:\/\/www.asp.crotone.it\/wp-content\/uploads\/2024\/07\/noimg.jpg","datePublished":"2023-01-30T13:52:42+00:00","dateModified":"2023-02-22T12:08:38+00:00","breadcrumb":{"@id":"https:\/\/www.asp.crotone.it\/?page_id=1204#breadcrumb"},"inLanguage":"it-IT","potentialAction":[{"@type":"ReadAction","target":["https:\/\/www.asp.crotone.it\/?page_id=1204"]}]},{"@type":"ImageObject","inLanguage":"it-IT","@id":"https:\/\/www.asp.crotone.it\/?page_id=1204#primaryimage","url":"https:\/\/www.asp.crotone.it\/wp-content\/uploads\/2024\/07\/noimg.jpg","contentUrl":"https:\/\/www.asp.crotone.it\/wp-content\/uploads\/2024\/07\/noimg.jpg","width":400,"height":222},{"@type":"BreadcrumbList","@id":"https:\/\/www.asp.crotone.it\/?page_id=1204#breadcrumb","itemListElement":[{"@type":"ListItem","position":1,"name":"Home","item":"https:\/\/www.asp.crotone.it\/"},{"@type":"ListItem","position":2,"name":"Dipartimenti Ospedale-Territorio"}]},{"@type":"WebSite","@id":"https:\/\/www.asp.crotone.it\/#website","url":"https:\/\/www.asp.crotone.it\/","name":"Azienda Sanitaria Provinciale di Crotone","description":"","potentialAction":[{"@type":"SearchAction","target":{"@type":"EntryPoint","urlTemplate":"https:\/\/www.asp.crotone.it\/?s={search_term_string}"},"query-input":{"@type":"PropertyValueSpecification","valueRequired":true,"valueName":"search_term_string"}}],"inLanguage":"it-IT"}]}},"_links":{"self":[{"href":"https:\/\/www.asp.crotone.it\/index.php?rest_route=\/wp\/v2\/pages\/1204","targetHints":{"allow":["GET"]}}],"collection":[{"href":"https:\/\/www.asp.crotone.it\/index.php?rest_route=\/wp\/v2\/pages"}],"about":[{"href":"https:\/\/www.asp.crotone.it\/index.php?rest_route=\/wp\/v2\/types\/page"}],"author":[{"embeddable":true,"href":"https:\/\/www.asp.crotone.it\/index.php?rest_route=\/wp\/v2\/users\/1"}],"replies":[{"embeddable":true,"href":"https:\/\/www.asp.crotone.it\/index.php?rest_route=%2Fwp%2Fv2%2Fcomments&post=1204"}],"version-history":[{"count":0,"href":"https:\/\/www.asp.crotone.it\/index.php?rest_route=\/wp\/v2\/pages\/1204\/revisions"}],"wp:featuredmedia":[{"embeddable":true,"href":"https:\/\/www.asp.crotone.it\/index.php?rest_route=\/wp\/v2\/media\/5605"}],"wp:attachment":[{"href":"https:\/\/www.asp.crotone.it\/index.php?rest_route=%2Fwp%2Fv2%2Fmedia&parent=1204"}],"curies":[{"name":"wp","href":"https:\/\/api.w.org\/{rel}","templated":true}]}}