{"id":1206,"date":"2023-01-30T14:53:16","date_gmt":"2023-01-30T13:53:16","guid":{"rendered":"https:\/\/www.asp.crotone.it\/?page_id=1206"},"modified":"2025-12-18T08:58:43","modified_gmt":"2025-12-18T07:58:43","slug":"dipartimento-di-prevenzione","status":"publish","type":"page","link":"https:\/\/www.asp.crotone.it\/?page_id=1206","title":{"rendered":"Dipartimento di Prevenzione"},"content":{"rendered":"\t\t<div data-elementor-type=\"wp-page\" data-elementor-id=\"1206\" class=\"elementor elementor-1206\" data-elementor-post-type=\"page\">\n\t\t\t\t\t\t<section class=\"elementor-section elementor-top-section elementor-element elementor-element-49209e44 elementor-section-boxed elementor-section-height-default elementor-section-height-default\" data-id=\"49209e44\" data-element_type=\"section\">\n\t\t\t\t\t\t<div class=\"elementor-container elementor-column-gap-default\">\n\t\t\t\t\t<div class=\"elementor-column elementor-col-100 elementor-top-column elementor-element elementor-element-6f5debb2\" data-id=\"6f5debb2\" data-element_type=\"column\">\n\t\t\t<div class=\"elementor-widget-wrap elementor-element-populated\">\n\t\t\t\t\t\t<div class=\"elementor-element elementor-element-428d464c elementor-widget elementor-widget-text-editor\" data-id=\"428d464c\" data-element_type=\"widget\" data-widget_type=\"text-editor.default\">\n\t\t\t\t<div class=\"elementor-widget-container\">\n\t\t\t\t\t\t\t\t\t<p>Il Dipartimento di Prevenzione costituisce la macrostruttura dell&#8217;Azienda deputata a garantire ed assicurare le prestazioni e le attivit\u00e0 definite dal DPCM 29.11.2001 e s.m.i. per il LEA &#8221; Assistenza sanitaria collettiva in ambienti di vita e di lavoro&#8221;, esso opera secondo gli indirizzi della programmazione sanitaria regionale al riguardo adottati.<\/p><p>Il Dipartimento di Prevenzione opera nell&#8217;ambito della programmazione aziendale, ha autonomia organizzativa e contabile, \u00e8 centro di responsabilit\u00e0 ed \u00e8 destinatario del budget complessivo assegnato al LEA assistenza sanitaria collettiva in ambienti di vita e di lavoro.\u00a0<\/p><p><strong>Direttore:<\/strong> Dott. Massimiliano Cardamone\u00a0<br \/><strong>Email:<\/strong> massimiliano.cardamone@asp.crotone.it<br \/><strong>Tel:<\/strong> 0962 92 45 40<br \/><strong>Fax:<\/strong> 0962 92 45 40<\/p>\t\t\t\t\t\t\t\t<\/div>\n\t\t\t\t<\/div>\n\t\t\t\t\t<\/div>\n\t\t<\/div>\n\t\t\t\t\t<\/div>\n\t\t<\/section>\n\t\t\t\t<section class=\"elementor-section elementor-top-section elementor-element elementor-element-63865192 elementor-section-stretched elementor-section-boxed elementor-section-height-default elementor-section-height-default\" data-id=\"63865192\" data-element_type=\"section\" data-settings=\"{&quot;stretch_section&quot;:&quot;section-stretched&quot;,&quot;background_background&quot;:&quot;classic&quot;}\">\n\t\t\t\t\t\t<div class=\"elementor-container elementor-column-gap-default\">\n\t\t\t\t\t<div class=\"elementor-column elementor-col-100 elementor-top-column elementor-element elementor-element-3599af7a\" data-id=\"3599af7a\" data-element_type=\"column\">\n\t\t\t<div class=\"elementor-widget-wrap elementor-element-populated\">\n\t\t\t\t\t\t<div class=\"elementor-element elementor-element-6826c0a7 elementor-widget elementor-widget-text-editor\" data-id=\"6826c0a7\" data-element_type=\"widget\" data-widget_type=\"text-editor.default\">\n\t\t\t\t<div class=\"elementor-widget-container\">\n\t\t\t\t\t\t\t\t\t<p><strong>Servizi<\/strong><\/p>\t\t\t\t\t\t\t\t<\/div>\n\t\t\t\t<\/div>\n\t\t\t\t\t<\/div>\n\t\t<\/div>\n\t\t\t\t\t<\/div>\n\t\t<\/section>\n\t\t\t\t<section class=\"elementor-section elementor-top-section elementor-element elementor-element-1aaae8aa elementor-section-stretched elementor-section-boxed elementor-section-height-default elementor-section-height-default\" data-id=\"1aaae8aa\" data-element_type=\"section\" data-settings=\"{&quot;stretch_section&quot;:&quot;section-stretched&quot;,&quot;background_background&quot;:&quot;classic&quot;}\">\n\t\t\t\t\t\t<div class=\"elementor-container elementor-column-gap-default\">\n\t\t\t\t\t<div class=\"elementor-column elementor-col-33 elementor-top-column elementor-element elementor-element-789f5ba4\" data-id=\"789f5ba4\" data-element_type=\"column\" data-settings=\"{&quot;background_background&quot;:&quot;classic&quot;}\">\n\t\t\t<div class=\"elementor-widget-wrap elementor-element-populated\">\n\t\t\t\t\t<div class=\"elementor-background-overlay\"><\/div>\n\t\t\t\t\t\t<section class=\"elementor-section elementor-inner-section elementor-element elementor-element-ab75789 elementor-section-boxed elementor-section-height-default elementor-section-height-default\" data-id=\"ab75789\" data-element_type=\"section\">\n\t\t\t\t\t\t\t<div class=\"elementor-background-overlay\"><\/div>\n\t\t\t\t\t\t\t<div class=\"elementor-container elementor-column-gap-default\">\n\t\t\t\t\t<div class=\"elementor-column elementor-col-100 elementor-inner-column elementor-element elementor-element-5044edf\" data-id=\"5044edf\" data-element_type=\"column\">\n\t\t\t<div class=\"elementor-widget-wrap elementor-element-populated\">\n\t\t\t\t\t\t<div class=\"elementor-element elementor-element-b80bfe8 elementor-widget elementor-widget-text-editor\" data-id=\"b80bfe8\" data-element_type=\"widget\" data-widget_type=\"text-editor.default\">\n\t\t\t\t<div class=\"elementor-widget-container\">\n\t\t\t\t\t\t\t\t\t<div class=\"item-wrap\"><a href=\"https:\/\/www.asp.crotone.it\/sanita-animale-area-a\/\"><span class=\"item-text\">Sanit\u00e0 animale, Area &#8220;A&#8221;<\/span><\/a><\/div>\t\t\t\t\t\t\t\t<\/div>\n\t\t\t\t<\/div>\n\t\t\t\t\t<\/div>\n\t\t<\/div>\n\t\t\t\t\t<\/div>\n\t\t<\/section>\n\t\t\t\t\t<\/div>\n\t\t<\/div>\n\t\t\t\t<div class=\"elementor-column elementor-col-33 elementor-top-column elementor-element elementor-element-7ec35fd7\" data-id=\"7ec35fd7\" data-element_type=\"column\" data-settings=\"{&quot;background_background&quot;:&quot;classic&quot;}\">\n\t\t\t<div class=\"elementor-widget-wrap elementor-element-populated\">\n\t\t\t\t\t<div class=\"elementor-background-overlay\"><\/div>\n\t\t\t\t\t\t<section class=\"elementor-section elementor-inner-section elementor-element elementor-element-3a74e9d elementor-section-boxed elementor-section-height-default elementor-section-height-default\" data-id=\"3a74e9d\" data-element_type=\"section\">\n\t\t\t\t\t\t\t<div class=\"elementor-background-overlay\"><\/div>\n\t\t\t\t\t\t\t<div class=\"elementor-container elementor-column-gap-default\">\n\t\t\t\t\t<div class=\"elementor-column elementor-col-100 elementor-inner-column elementor-element elementor-element-fb8097a\" data-id=\"fb8097a\" data-element_type=\"column\">\n\t\t\t<div class=\"elementor-widget-wrap elementor-element-populated\">\n\t\t\t\t\t\t<div class=\"elementor-element elementor-element-e7e4b16 elementor-widget elementor-widget-text-editor\" data-id=\"e7e4b16\" data-element_type=\"widget\" data-widget_type=\"text-editor.default\">\n\t\t\t\t<div class=\"elementor-widget-container\">\n\t\t\t\t\t\t\t\t\t<div class=\"item-wrap\"><a href=\"https:\/\/www.asp.crotone.it\/igiene-della-produzione-trasformazione-area-b\/\"><span class=\"item-text\">Igiene della produzione, trasformazione, Area &#8220;B&#8221;<\/span><\/a><\/div>\t\t\t\t\t\t\t\t<\/div>\n\t\t\t\t<\/div>\n\t\t\t\t\t<\/div>\n\t\t<\/div>\n\t\t\t\t\t<\/div>\n\t\t<\/section>\n\t\t\t\t\t<\/div>\n\t\t<\/div>\n\t\t\t\t<div class=\"elementor-column elementor-col-33 elementor-top-column elementor-element elementor-element-401d18e3\" data-id=\"401d18e3\" data-element_type=\"column\" data-settings=\"{&quot;background_background&quot;:&quot;classic&quot;}\">\n\t\t\t<div class=\"elementor-widget-wrap elementor-element-populated\">\n\t\t\t\t\t<div class=\"elementor-background-overlay\"><\/div>\n\t\t\t\t\t\t<section class=\"elementor-section elementor-inner-section elementor-element elementor-element-5702e38 elementor-section-boxed elementor-section-height-default elementor-section-height-default\" data-id=\"5702e38\" data-element_type=\"section\">\n\t\t\t\t\t\t\t<div class=\"elementor-background-overlay\"><\/div>\n\t\t\t\t\t\t\t<div class=\"elementor-container elementor-column-gap-default\">\n\t\t\t\t\t<div class=\"elementor-column elementor-col-100 elementor-inner-column elementor-element elementor-element-58586c0e\" data-id=\"58586c0e\" data-element_type=\"column\">\n\t\t\t<div class=\"elementor-widget-wrap elementor-element-populated\">\n\t\t\t\t\t\t<div class=\"elementor-element elementor-element-7c0244b0 elementor-widget elementor-widget-text-editor\" data-id=\"7c0244b0\" data-element_type=\"widget\" data-widget_type=\"text-editor.default\">\n\t\t\t\t<div class=\"elementor-widget-container\">\n\t\t\t\t\t\t\t\t\t<p><a href=\"https:\/\/www.asp.crotone.it\/igiene-degli-allevamenti-e-delle-produzioni-area-c\/\"><span class=\"item-text\">Igiene degli allevamenti e delle produzioni, Area &#8220;C&#8221;<\/span><\/a><\/p>\t\t\t\t\t\t\t\t<\/div>\n\t\t\t\t<\/div>\n\t\t\t\t\t<\/div>\n\t\t<\/div>\n\t\t\t\t\t<\/div>\n\t\t<\/section>\n\t\t\t\t\t<\/div>\n\t\t<\/div>\n\t\t\t\t\t<\/div>\n\t\t<\/section>\n\t\t\t\t<section class=\"elementor-section elementor-top-section elementor-element elementor-element-e855a5d elementor-section-stretched elementor-section-boxed elementor-section-height-default elementor-section-height-default\" data-id=\"e855a5d\" data-element_type=\"section\" data-settings=\"{&quot;stretch_section&quot;:&quot;section-stretched&quot;,&quot;background_background&quot;:&quot;classic&quot;}\">\n\t\t\t\t\t\t<div class=\"elementor-container elementor-column-gap-default\">\n\t\t\t\t\t<div class=\"elementor-column elementor-col-33 elementor-top-column elementor-element elementor-element-71deeac\" data-id=\"71deeac\" data-element_type=\"column\" data-settings=\"{&quot;background_background&quot;:&quot;classic&quot;}\">\n\t\t\t<div class=\"elementor-widget-wrap elementor-element-populated\">\n\t\t\t\t\t<div class=\"elementor-background-overlay\"><\/div>\n\t\t\t\t\t\t<section class=\"elementor-section elementor-inner-section elementor-element elementor-element-df52088 elementor-section-boxed elementor-section-height-default elementor-section-height-default\" data-id=\"df52088\" data-element_type=\"section\">\n\t\t\t\t\t\t\t<div class=\"elementor-background-overlay\"><\/div>\n\t\t\t\t\t\t\t<div class=\"elementor-container elementor-column-gap-default\">\n\t\t\t\t\t<div class=\"elementor-column elementor-col-100 elementor-inner-column elementor-element elementor-element-6fb8738\" data-id=\"6fb8738\" data-element_type=\"column\">\n\t\t\t<div class=\"elementor-widget-wrap elementor-element-populated\">\n\t\t\t\t\t\t<div class=\"elementor-element elementor-element-e18238a elementor-widget elementor-widget-text-editor\" data-id=\"e18238a\" data-element_type=\"widget\" data-widget_type=\"text-editor.default\">\n\t\t\t\t<div class=\"elementor-widget-container\">\n\t\t\t\t\t\t\t\t\t<div class=\"item-wrap\"><a href=\"https:\/\/www.asp.crotone.it\/igiene-e-sanita-pubblica\/\"><span class=\"item-text\">Igiene e sanit\u00e0 pubblica<\/span><\/a><\/div>\t\t\t\t\t\t\t\t<\/div>\n\t\t\t\t<\/div>\n\t\t\t\t\t<\/div>\n\t\t<\/div>\n\t\t\t\t\t<\/div>\n\t\t<\/section>\n\t\t\t\t\t<\/div>\n\t\t<\/div>\n\t\t\t\t<div class=\"elementor-column elementor-col-33 elementor-top-column elementor-element elementor-element-0413d71\" data-id=\"0413d71\" data-element_type=\"column\" data-settings=\"{&quot;background_background&quot;:&quot;classic&quot;}\">\n\t\t\t<div class=\"elementor-widget-wrap elementor-element-populated\">\n\t\t\t\t\t<div class=\"elementor-background-overlay\"><\/div>\n\t\t\t\t\t\t<section class=\"elementor-section elementor-inner-section elementor-element elementor-element-3074f4b5 elementor-section-boxed elementor-section-height-default elementor-section-height-default\" data-id=\"3074f4b5\" data-element_type=\"section\">\n\t\t\t\t\t\t\t<div class=\"elementor-background-overlay\"><\/div>\n\t\t\t\t\t\t\t<div class=\"elementor-container elementor-column-gap-default\">\n\t\t\t\t\t<div class=\"elementor-column elementor-col-100 elementor-inner-column elementor-element elementor-element-f919cee\" data-id=\"f919cee\" data-element_type=\"column\">\n\t\t\t<div class=\"elementor-widget-wrap elementor-element-populated\">\n\t\t\t\t\t\t<div class=\"elementor-element elementor-element-2a547fe3 elementor-widget elementor-widget-text-editor\" data-id=\"2a547fe3\" data-element_type=\"widget\" data-widget_type=\"text-editor.default\">\n\t\t\t\t<div class=\"elementor-widget-container\">\n\t\t\t\t\t\t\t\t\t<div class=\"item-wrap\"><a href=\"https:\/\/www.asp.crotone.it\/medicina-legale\/\"><span class=\"item-text\">Medicina Legale<\/span><\/a><\/div>\t\t\t\t\t\t\t\t<\/div>\n\t\t\t\t<\/div>\n\t\t\t\t\t<\/div>\n\t\t<\/div>\n\t\t\t\t\t<\/div>\n\t\t<\/section>\n\t\t\t\t\t<\/div>\n\t\t<\/div>\n\t\t\t\t<div class=\"elementor-column elementor-col-33 elementor-top-column elementor-element elementor-element-4b71474\" data-id=\"4b71474\" data-element_type=\"column\" data-settings=\"{&quot;background_background&quot;:&quot;classic&quot;}\">\n\t\t\t<div class=\"elementor-widget-wrap elementor-element-populated\">\n\t\t\t\t\t<div class=\"elementor-background-overlay\"><\/div>\n\t\t\t\t\t\t<section class=\"elementor-section elementor-inner-section elementor-element elementor-element-e9f3853 elementor-section-boxed elementor-section-height-default elementor-section-height-default\" data-id=\"e9f3853\" data-element_type=\"section\">\n\t\t\t\t\t\t\t<div class=\"elementor-background-overlay\"><\/div>\n\t\t\t\t\t\t\t<div class=\"elementor-container elementor-column-gap-default\">\n\t\t\t\t\t<div class=\"elementor-column elementor-col-100 elementor-inner-column elementor-element elementor-element-5bb6794\" data-id=\"5bb6794\" data-element_type=\"column\">\n\t\t\t<div class=\"elementor-widget-wrap elementor-element-populated\">\n\t\t\t\t\t\t<div class=\"elementor-element elementor-element-aac7ac3 elementor-widget elementor-widget-text-editor\" data-id=\"aac7ac3\" data-element_type=\"widget\" data-widget_type=\"text-editor.default\">\n\t\t\t\t<div class=\"elementor-widget-container\">\n\t\t\t\t\t\t\t\t\t<div class=\"item-wrap\"><a href=\"https:\/\/www.asp.crotone.it\/igiene-alimenti-e-nutrizione\/\"><span class=\"item-text\">Igiene degli alimenti e nutrizione<\/span><\/a><\/div>\t\t\t\t\t\t\t\t<\/div>\n\t\t\t\t<\/div>\n\t\t\t\t\t<\/div>\n\t\t<\/div>\n\t\t\t\t\t<\/div>\n\t\t<\/section>\n\t\t\t\t\t<\/div>\n\t\t<\/div>\n\t\t\t\t\t<\/div>\n\t\t<\/section>\n\t\t\t\t<section class=\"elementor-section elementor-top-section elementor-element elementor-element-63d36b0 elementor-section-stretched elementor-section-boxed elementor-section-height-default elementor-section-height-default\" data-id=\"63d36b0\" data-element_type=\"section\" data-settings=\"{&quot;stretch_section&quot;:&quot;section-stretched&quot;,&quot;background_background&quot;:&quot;classic&quot;}\">\n\t\t\t\t\t\t<div class=\"elementor-container elementor-column-gap-default\">\n\t\t\t\t\t<div class=\"elementor-column elementor-col-33 elementor-top-column elementor-element elementor-element-145df14\" data-id=\"145df14\" data-element_type=\"column\" data-settings=\"{&quot;background_background&quot;:&quot;classic&quot;}\">\n\t\t\t<div class=\"elementor-widget-wrap elementor-element-populated\">\n\t\t\t\t\t<div class=\"elementor-background-overlay\"><\/div>\n\t\t\t\t\t\t<section class=\"elementor-section elementor-inner-section elementor-element elementor-element-3a8c31d elementor-section-boxed elementor-section-height-default elementor-section-height-default\" data-id=\"3a8c31d\" data-element_type=\"section\">\n\t\t\t\t\t\t\t<div class=\"elementor-background-overlay\"><\/div>\n\t\t\t\t\t\t\t<div class=\"elementor-container elementor-column-gap-default\">\n\t\t\t\t\t<div class=\"elementor-column elementor-col-100 elementor-inner-column elementor-element elementor-element-6e77f250\" data-id=\"6e77f250\" data-element_type=\"column\">\n\t\t\t<div class=\"elementor-widget-wrap elementor-element-populated\">\n\t\t\t\t\t\t<div class=\"elementor-element elementor-element-9cb72b5 elementor-widget elementor-widget-text-editor\" data-id=\"9cb72b5\" data-element_type=\"widget\" data-widget_type=\"text-editor.default\">\n\t\t\t\t<div class=\"elementor-widget-container\">\n\t\t\t\t\t\t\t\t\t<div class=\"item-wrap\"><a href=\"https:\/\/www.asp.crotone.it\/prevenzione-e-sicurezza-negli-ambienti-di-lavoro\/\"><span class=\"item-text\">Prevenzione e Sicurezza negli Ambienti di Lavoro<\/span><\/a><\/div>\n\n\t\t\t\t\t\t\t\t<\/div>\n\t\t\t\t<\/div>\n\t\t\t\t\t<\/div>\n\t\t<\/div>\n\t\t\t\t\t<\/div>\n\t\t<\/section>\n\t\t\t\t\t<\/div>\n\t\t<\/div>\n\t\t\t\t<div class=\"elementor-column elementor-col-33 elementor-top-column elementor-element elementor-element-7aa4591\" data-id=\"7aa4591\" data-element_type=\"column\" data-settings=\"{&quot;background_background&quot;:&quot;classic&quot;}\">\n\t\t\t<div class=\"elementor-widget-wrap\">\n\t\t\t\t\t<div class=\"elementor-background-overlay\"><\/div>\n\t\t\t\t\t\t\t<\/div>\n\t\t<\/div>\n\t\t\t\t<div class=\"elementor-column elementor-col-33 elementor-top-column elementor-element elementor-element-9134831\" data-id=\"9134831\" data-element_type=\"column\" data-settings=\"{&quot;background_background&quot;:&quot;classic&quot;}\">\n\t\t\t<div class=\"elementor-widget-wrap\">\n\t\t\t\t\t<div class=\"elementor-background-overlay\"><\/div>\n\t\t\t\t\t\t\t<\/div>\n\t\t<\/div>\n\t\t\t\t\t<\/div>\n\t\t<\/section>\n\t\t\t\t<\/div>\n\t\t","protected":false},"excerpt":{"rendered":"<p>Il Dipartimento di Prevenzione costituisce la macrostruttura dell&#8217;Azienda deputata a garantire ed assicurare le prestazioni e le attivit\u00e0 definite dal DPCM 29.11.2001 e s.m.i. per il LEA &#8221; Assistenza sanitaria collettiva in ambienti di vita e [&hellip;]<\/p>\n","protected":false},"author":1,"featured_media":5605,"parent":0,"menu_order":0,"comment_status":"closed","ping_status":"closed","template":"","meta":{"footnotes":"","_links_to":"","_links_to_target":""},"class_list":["post-1206","page","type-page","status-publish","has-post-thumbnail","hentry"],"yoast_head":"<!-- This site is optimized with the Yoast SEO plugin v26.1.1 - https:\/\/yoast.com\/wordpress\/plugins\/seo\/ -->\n<title>Dipartimento di Prevenzione - Azienda Sanitaria Provinciale di Crotone<\/title>\n<meta name=\"robots\" content=\"index, follow, max-snippet:-1, max-image-preview:large, max-video-preview:-1\" \/>\n<link rel=\"canonical\" href=\"https:\/\/www.asp.crotone.it\/?page_id=1206\" \/>\n<meta property=\"og:locale\" content=\"it_IT\" \/>\n<meta property=\"og:type\" content=\"article\" \/>\n<meta property=\"og:title\" content=\"Dipartimento di Prevenzione - Azienda Sanitaria Provinciale di Crotone\" \/>\n<meta property=\"og:description\" content=\"Il Dipartimento di Prevenzione costituisce la macrostruttura dell&#8217;Azienda deputata a garantire ed assicurare le prestazioni e le attivit\u00e0 definite dal DPCM 29.11.2001 e s.m.i. per il LEA &#8221; Assistenza sanitaria collettiva in ambienti di vita e [&hellip;]\" \/>\n<meta property=\"og:url\" content=\"https:\/\/www.asp.crotone.it\/?page_id=1206\" \/>\n<meta property=\"og:site_name\" content=\"Azienda Sanitaria Provinciale di Crotone\" \/>\n<meta property=\"article:modified_time\" content=\"2025-12-18T07:58:43+00:00\" \/>\n<meta property=\"og:image\" content=\"https:\/\/www.asp.crotone.it\/wp-content\/uploads\/2024\/07\/noimg.jpg\" \/>\n\t<meta property=\"og:image:width\" content=\"400\" \/>\n\t<meta property=\"og:image:height\" content=\"222\" \/>\n\t<meta property=\"og:image:type\" content=\"image\/jpeg\" \/>\n<meta name=\"twitter:card\" content=\"summary_large_image\" \/>\n<meta name=\"twitter:label1\" content=\"Tempo di lettura stimato\" \/>\n\t<meta name=\"twitter:data1\" content=\"1 minuto\" \/>\n<script type=\"application\/ld+json\" class=\"yoast-schema-graph\">{\"@context\":\"https:\/\/schema.org\",\"@graph\":[{\"@type\":\"WebPage\",\"@id\":\"https:\/\/www.asp.crotone.it\/?page_id=1206\",\"url\":\"https:\/\/www.asp.crotone.it\/?page_id=1206\",\"name\":\"Dipartimento di Prevenzione - Azienda Sanitaria Provinciale di Crotone\",\"isPartOf\":{\"@id\":\"https:\/\/www.asp.crotone.it\/#website\"},\"primaryImageOfPage\":{\"@id\":\"https:\/\/www.asp.crotone.it\/?page_id=1206#primaryimage\"},\"image\":{\"@id\":\"https:\/\/www.asp.crotone.it\/?page_id=1206#primaryimage\"},\"thumbnailUrl\":\"https:\/\/www.asp.crotone.it\/wp-content\/uploads\/2024\/07\/noimg.jpg\",\"datePublished\":\"2023-01-30T13:53:16+00:00\",\"dateModified\":\"2025-12-18T07:58:43+00:00\",\"breadcrumb\":{\"@id\":\"https:\/\/www.asp.crotone.it\/?page_id=1206#breadcrumb\"},\"inLanguage\":\"it-IT\",\"potentialAction\":[{\"@type\":\"ReadAction\",\"target\":[\"https:\/\/www.asp.crotone.it\/?page_id=1206\"]}]},{\"@type\":\"ImageObject\",\"inLanguage\":\"it-IT\",\"@id\":\"https:\/\/www.asp.crotone.it\/?page_id=1206#primaryimage\",\"url\":\"https:\/\/www.asp.crotone.it\/wp-content\/uploads\/2024\/07\/noimg.jpg\",\"contentUrl\":\"https:\/\/www.asp.crotone.it\/wp-content\/uploads\/2024\/07\/noimg.jpg\",\"width\":400,\"height\":222},{\"@type\":\"BreadcrumbList\",\"@id\":\"https:\/\/www.asp.crotone.it\/?page_id=1206#breadcrumb\",\"itemListElement\":[{\"@type\":\"ListItem\",\"position\":1,\"name\":\"Home\",\"item\":\"https:\/\/www.asp.crotone.it\/\"},{\"@type\":\"ListItem\",\"position\":2,\"name\":\"Dipartimento di Prevenzione\"}]},{\"@type\":\"WebSite\",\"@id\":\"https:\/\/www.asp.crotone.it\/#website\",\"url\":\"https:\/\/www.asp.crotone.it\/\",\"name\":\"Azienda Sanitaria Provinciale di Crotone\",\"description\":\"\",\"potentialAction\":[{\"@type\":\"SearchAction\",\"target\":{\"@type\":\"EntryPoint\",\"urlTemplate\":\"https:\/\/www.asp.crotone.it\/?s={search_term_string}\"},\"query-input\":{\"@type\":\"PropertyValueSpecification\",\"valueRequired\":true,\"valueName\":\"search_term_string\"}}],\"inLanguage\":\"it-IT\"}]}<\/script>\n<!-- \/ Yoast SEO plugin. -->","yoast_head_json":{"title":"Dipartimento di Prevenzione - Azienda Sanitaria Provinciale di Crotone","robots":{"index":"index","follow":"follow","max-snippet":"max-snippet:-1","max-image-preview":"max-image-preview:large","max-video-preview":"max-video-preview:-1"},"canonical":"https:\/\/www.asp.crotone.it\/?page_id=1206","og_locale":"it_IT","og_type":"article","og_title":"Dipartimento di Prevenzione - Azienda Sanitaria Provinciale di Crotone","og_description":"Il Dipartimento di Prevenzione costituisce la macrostruttura dell&#8217;Azienda deputata a garantire ed assicurare le prestazioni e le attivit\u00e0 definite dal DPCM 29.11.2001 e s.m.i. per il LEA &#8221; Assistenza sanitaria collettiva in ambienti di vita e [&hellip;]","og_url":"https:\/\/www.asp.crotone.it\/?page_id=1206","og_site_name":"Azienda Sanitaria Provinciale di Crotone","article_modified_time":"2025-12-18T07:58:43+00:00","og_image":[{"width":400,"height":222,"url":"https:\/\/www.asp.crotone.it\/wp-content\/uploads\/2024\/07\/noimg.jpg","type":"image\/jpeg"}],"twitter_card":"summary_large_image","twitter_misc":{"Tempo di lettura stimato":"1 minuto"},"schema":{"@context":"https:\/\/schema.org","@graph":[{"@type":"WebPage","@id":"https:\/\/www.asp.crotone.it\/?page_id=1206","url":"https:\/\/www.asp.crotone.it\/?page_id=1206","name":"Dipartimento di Prevenzione - Azienda Sanitaria Provinciale di Crotone","isPartOf":{"@id":"https:\/\/www.asp.crotone.it\/#website"},"primaryImageOfPage":{"@id":"https:\/\/www.asp.crotone.it\/?page_id=1206#primaryimage"},"image":{"@id":"https:\/\/www.asp.crotone.it\/?page_id=1206#primaryimage"},"thumbnailUrl":"https:\/\/www.asp.crotone.it\/wp-content\/uploads\/2024\/07\/noimg.jpg","datePublished":"2023-01-30T13:53:16+00:00","dateModified":"2025-12-18T07:58:43+00:00","breadcrumb":{"@id":"https:\/\/www.asp.crotone.it\/?page_id=1206#breadcrumb"},"inLanguage":"it-IT","potentialAction":[{"@type":"ReadAction","target":["https:\/\/www.asp.crotone.it\/?page_id=1206"]}]},{"@type":"ImageObject","inLanguage":"it-IT","@id":"https:\/\/www.asp.crotone.it\/?page_id=1206#primaryimage","url":"https:\/\/www.asp.crotone.it\/wp-content\/uploads\/2024\/07\/noimg.jpg","contentUrl":"https:\/\/www.asp.crotone.it\/wp-content\/uploads\/2024\/07\/noimg.jpg","width":400,"height":222},{"@type":"BreadcrumbList","@id":"https:\/\/www.asp.crotone.it\/?page_id=1206#breadcrumb","itemListElement":[{"@type":"ListItem","position":1,"name":"Home","item":"https:\/\/www.asp.crotone.it\/"},{"@type":"ListItem","position":2,"name":"Dipartimento di Prevenzione"}]},{"@type":"WebSite","@id":"https:\/\/www.asp.crotone.it\/#website","url":"https:\/\/www.asp.crotone.it\/","name":"Azienda Sanitaria Provinciale di Crotone","description":"","potentialAction":[{"@type":"SearchAction","target":{"@type":"EntryPoint","urlTemplate":"https:\/\/www.asp.crotone.it\/?s={search_term_string}"},"query-input":{"@type":"PropertyValueSpecification","valueRequired":true,"valueName":"search_term_string"}}],"inLanguage":"it-IT"}]}},"_links":{"self":[{"href":"https:\/\/www.asp.crotone.it\/index.php?rest_route=\/wp\/v2\/pages\/1206","targetHints":{"allow":["GET"]}}],"collection":[{"href":"https:\/\/www.asp.crotone.it\/index.php?rest_route=\/wp\/v2\/pages"}],"about":[{"href":"https:\/\/www.asp.crotone.it\/index.php?rest_route=\/wp\/v2\/types\/page"}],"author":[{"embeddable":true,"href":"https:\/\/www.asp.crotone.it\/index.php?rest_route=\/wp\/v2\/users\/1"}],"replies":[{"embeddable":true,"href":"https:\/\/www.asp.crotone.it\/index.php?rest_route=%2Fwp%2Fv2%2Fcomments&post=1206"}],"version-history":[{"count":0,"href":"https:\/\/www.asp.crotone.it\/index.php?rest_route=\/wp\/v2\/pages\/1206\/revisions"}],"wp:featuredmedia":[{"embeddable":true,"href":"https:\/\/www.asp.crotone.it\/index.php?rest_route=\/wp\/v2\/media\/5605"}],"wp:attachment":[{"href":"https:\/\/www.asp.crotone.it\/index.php?rest_route=%2Fwp%2Fv2%2Fmedia&parent=1206"}],"curies":[{"name":"wp","href":"https:\/\/api.w.org\/{rel}","templated":true}]}}