{"id":1484,"date":"2023-02-14T01:58:40","date_gmt":"2023-02-14T00:58:40","guid":{"rendered":"https:\/\/www.asp.crotone.it\/?page_id=1484"},"modified":"2025-02-05T16:40:34","modified_gmt":"2025-02-05T15:40:34","slug":"dipartimento-interaziendale-materno-infantile","status":"publish","type":"page","link":"https:\/\/www.asp.crotone.it\/?page_id=1484","title":{"rendered":"Dipartimento Interaziendale Materno \u2013 Infantile"},"content":{"rendered":"\t\t<div data-elementor-type=\"wp-page\" data-elementor-id=\"1484\" class=\"elementor elementor-1484\" data-elementor-post-type=\"page\">\n\t\t\t\t\t\t<section class=\"elementor-section elementor-top-section elementor-element elementor-element-4176dbb3 elementor-section-boxed elementor-section-height-default elementor-section-height-default\" data-id=\"4176dbb3\" data-element_type=\"section\">\n\t\t\t\t\t\t<div class=\"elementor-container elementor-column-gap-default\">\n\t\t\t\t\t<div class=\"elementor-column elementor-col-50 elementor-top-column elementor-element elementor-element-5121e96d\" data-id=\"5121e96d\" data-element_type=\"column\">\n\t\t\t<div class=\"elementor-widget-wrap elementor-element-populated\">\n\t\t\t\t\t\t<div class=\"elementor-element elementor-element-615e5c75 elementor-widget elementor-widget-text-editor\" data-id=\"615e5c75\" data-element_type=\"widget\" data-widget_type=\"text-editor.default\">\n\t\t\t\t<div class=\"elementor-widget-container\">\n\t\t\t\t\t\t\t\t\t<p><span style=\"color: #000000;\"><strong>Presidio di Crotone &#8211; Ospedale &#8220;San Giovanni di Dio&#8221;<\/strong><\/span><\/p>\t\t\t\t\t\t\t\t<\/div>\n\t\t\t\t<\/div>\n\t\t\t\t<section class=\"elementor-section elementor-inner-section elementor-element elementor-element-6de5a252 elementor-section-boxed elementor-section-height-default elementor-section-height-default\" data-id=\"6de5a252\" data-element_type=\"section\">\n\t\t\t\t\t\t<div class=\"elementor-container elementor-column-gap-default\">\n\t\t\t\t\t<div class=\"elementor-column elementor-col-50 elementor-inner-column elementor-element elementor-element-3bad6924\" data-id=\"3bad6924\" data-element_type=\"column\">\n\t\t\t<div class=\"elementor-widget-wrap elementor-element-populated\">\n\t\t\t\t\t\t<div class=\"elementor-element elementor-element-5e07308a elementor-widget elementor-widget-text-editor\" data-id=\"5e07308a\" data-element_type=\"widget\" data-widget_type=\"text-editor.default\">\n\t\t\t\t<div class=\"elementor-widget-container\">\n\t\t\t\t\t\t\t\t\t<i style=\"font-size: 40px; margin-top: 5px; color: #484F64;\" class=\"fa-solid fa-user-tie\"><\/i>\t\t\t\t\t\t\t\t<\/div>\n\t\t\t\t<\/div>\n\t\t\t\t\t<\/div>\n\t\t<\/div>\n\t\t\t\t<div class=\"elementor-column elementor-col-50 elementor-inner-column elementor-element elementor-element-342d74aa\" data-id=\"342d74aa\" data-element_type=\"column\">\n\t\t\t<div class=\"elementor-widget-wrap elementor-element-populated\">\n\t\t\t\t\t\t<div class=\"elementor-element elementor-element-d02daa8 elementor-widget elementor-widget-text-editor\" data-id=\"d02daa8\" data-element_type=\"widget\" data-widget_type=\"text-editor.default\">\n\t\t\t\t<div class=\"elementor-widget-container\">\n\t\t\t\t\t\t\t\t\t<p><span style=\"color: #000000;\"><strong>Direttore :<\/strong><\/span><br \/><span style=\"color: #000000;\"><strong>e-mail:<\/strong><\/span><\/p>\t\t\t\t\t\t\t\t<\/div>\n\t\t\t\t<\/div>\n\t\t\t\t\t<\/div>\n\t\t<\/div>\n\t\t\t\t\t<\/div>\n\t\t<\/section>\n\t\t\t\t<section class=\"elementor-section elementor-inner-section elementor-element elementor-element-4553882b elementor-section-boxed elementor-section-height-default elementor-section-height-default\" data-id=\"4553882b\" data-element_type=\"section\">\n\t\t\t\t\t\t<div class=\"elementor-container elementor-column-gap-default\">\n\t\t\t\t\t<div class=\"elementor-column elementor-col-50 elementor-inner-column elementor-element elementor-element-2eacdd5f\" data-id=\"2eacdd5f\" data-element_type=\"column\">\n\t\t\t<div class=\"elementor-widget-wrap elementor-element-populated\">\n\t\t\t\t\t\t<div class=\"elementor-element elementor-element-3d8b5b02 elementor-widget elementor-widget-text-editor\" data-id=\"3d8b5b02\" data-element_type=\"widget\" data-widget_type=\"text-editor.default\">\n\t\t\t\t<div class=\"elementor-widget-container\">\n\t\t\t\t\t\t\t\t\t<i style=\"font-size: 40px; margin-top: 5px; color: #484F64;\" class=\"fa-solid fa-user-nurse\"><\/i>\t\t\t\t\t\t\t\t<\/div>\n\t\t\t\t<\/div>\n\t\t\t\t\t<\/div>\n\t\t<\/div>\n\t\t\t\t<div class=\"elementor-column elementor-col-50 elementor-inner-column elementor-element elementor-element-7d165fec\" data-id=\"7d165fec\" data-element_type=\"column\">\n\t\t\t<div class=\"elementor-widget-wrap elementor-element-populated\">\n\t\t\t\t\t\t<div class=\"elementor-element elementor-element-6d76c68d elementor-widget elementor-widget-text-editor\" data-id=\"6d76c68d\" data-element_type=\"widget\" data-widget_type=\"text-editor.default\">\n\t\t\t\t<div class=\"elementor-widget-container\">\n\t\t\t\t\t\t\t\t\t<p><span style=\"color: #000000;\"><strong>Numeri telefonici di riferimento:<\/strong>\u00a0Tel. 0962\/924188<\/span><br \/><span style=\"color: #000000;\"><strong>Email:<\/strong>\u00a0dipartimento\u00a0maternoinfantile@asp.crotone.it<\/span><\/p><p><span style=\"color: #000000;\">Il Dipartimento Materno Infantile \u00e8 costituito da Unit\u00e0 Operative miste (ospedaliere e territoriali), \u00e8, pertanto, di natura funzionale.Costituito su base interaziendale quale Dipartimento Materno Infantile-Area Centro, esso ha la funzione di tutelare la salute della donna e del bambino\/adolescente in et\u00e0 evolutiva (0 &#8211; 17 anni)<\/span><\/p><p><span style=\"color: #000000;\">\u00a0<\/span><\/p>\t\t\t\t\t\t\t\t<\/div>\n\t\t\t\t<\/div>\n\t\t\t\t<div class=\"elementor-element elementor-element-ae57c9b elementor-widget elementor-widget-html\" data-id=\"ae57c9b\" data-element_type=\"widget\" data-widget_type=\"html.default\">\n\t\t\t\t<div class=\"elementor-widget-container\">\n\t\t\t\t\t<a style=\"padding: 10px 20px;\n  margin-top: 15px;\n  background-color: #484F64;\n  color: #fff !important;\n  border-radius: 5px;\n  font-weight: bold;\n  font-size: 16px; display: block; text-align: center;\" href=\"#\">Unit\u00e0 Operativa Complessa Ostetricia e Ginecologia<\/a>\n  <a style=\"padding: 10px 20px;\n  margin-top: 15px;\n  background-color: #484F64;\n  color: #fff !important;\n  border-radius: 5px;\n  font-weight: bold;\n  font-size: 16px; display: block; text-align: center;\" href=\"#\">Unit\u00e0 Operativa  Complessa di Pediatria<\/a>\n  <a style=\"padding: 10px 20px;\n  margin-top: 15px;\n  background-color: #484F64;\n  color: #fff !important;\n  border-radius: 5px;\n  font-weight: bold;\n  font-size: 16px; display: block; text-align: center;\" href=\"#\">Unit\u00e0 Operativa di Neonatologia-Tin<\/a>\n  <a style=\"padding: 10px 20px;\n  margin-top: 15px;\n  background-color: #484F64;\n  color: #fff !important;\n  border-radius: 5px;\n  font-weight: bold;\n  font-size: 16px; display: block; text-align: center;\" href=\"#\">Unit\u00e0 Operativa di Neuropsichiatria Infantile<\/a>\t\t\t\t<\/div>\n\t\t\t\t<\/div>\n\t\t\t\t\t<\/div>\n\t\t<\/div>\n\t\t\t\t\t<\/div>\n\t\t<\/section>\n\t\t\t\t\t<\/div>\n\t\t<\/div>\n\t\t\t\t<div class=\"elementor-column elementor-col-50 elementor-top-column elementor-element elementor-element-152595a6\" data-id=\"152595a6\" data-element_type=\"column\">\n\t\t\t<div class=\"elementor-widget-wrap elementor-element-populated\">\n\t\t\t\t\t\t<div class=\"elementor-element elementor-element-31a21267 elementor-widget elementor-widget-wpb-accordion-menu\" data-id=\"31a21267\" data-element_type=\"widget\" data-widget_type=\"wpb-accordion-menu.default\">\n\t\t\t\t<div class=\"elementor-widget-container\">\n\t\t\t\t\t\n\t\t\t<div class=\"wpb-wmca-elementor-widget\">\n\t\t\t\t\t<div class=\"wpb_category_n_menu_accordion wpb_wmca_accordion_wrapper_theme_dark\" data-accordion=\"true\" data-indicator_icon=\"\" data-iconclass=\"\">\n\t\t<ul id=\"menu-organismi\" class=\"wpb_category_n_menu_accordion_list\"><li id=\"menu-item-1465\" class=\"menu-item menu-item-type-custom menu-item-object-custom menu-item-has-children menu-item-1465\"><a href=\"#\">Dipartimenti Area Sanitaria<\/a>\n<ul class=\"sub-menu\">\n\t<li id=\"menu-item-1476\" class=\"menu-item menu-item-type-post_type menu-item-object-page menu-item-1476\"><a href=\"https:\/\/www.asp.crotone.it\/?page_id=1203\">Dipartimenti e Strutture Organizzative Complesse e Semplici Rete Ospedaliera<\/a><\/li>\n\t<li id=\"menu-item-1473\" class=\"menu-item menu-item-type-post_type menu-item-object-page menu-item-has-children menu-item-1473\"><a href=\"https:\/\/www.asp.crotone.it\/?page_id=1468\">Dipartimento AFO Medica<\/a>\n\t<ul class=\"sub-menu\">\n\t\t<li id=\"menu-item-5793\" class=\"menu-item menu-item-type-custom menu-item-object-custom menu-item-5793\"><a href=\"https:\/\/www.asp.crotone.it\/dipartimento-afo-medica\/neurologia\/\">Neurologia<\/a><\/li>\n\t\t<li id=\"menu-item-5797\" class=\"menu-item menu-item-type-custom menu-item-object-custom menu-item-5797\"><a href=\"https:\/\/www.asp.crotone.it\/dipartimento-afo-medica\/oncologia\/\">Oncologia<\/a><\/li>\n\t\t<li id=\"menu-item-5800\" class=\"menu-item menu-item-type-custom menu-item-object-custom menu-item-5800\"><a href=\"https:\/\/www.asp.crotone.it\/dipartimento-afo-medica\/geriatria\/\">Geriatria<\/a><\/li>\n\t<\/ul>\n<\/li>\n\t<li id=\"menu-item-1472\" class=\"menu-item menu-item-type-post_type menu-item-object-page menu-item-1472\"><a href=\"https:\/\/www.asp.crotone.it\/?page_id=1469\">Dipartimento AFO Chirurgica<\/a><\/li>\n\t<li id=\"menu-item-1471\" class=\"menu-item menu-item-type-post_type menu-item-object-page menu-item-1471\"><a href=\"https:\/\/www.asp.crotone.it\/?page_id=1470\">Dipartimento AFO Servizi Sanitari di Supporto<\/a><\/li>\n\t<li id=\"menu-item-1479\" class=\"menu-item menu-item-type-post_type menu-item-object-page menu-item-1479\"><a href=\"https:\/\/www.asp.crotone.it\/?page_id=1478\">U.O.C. Farmacia Ospedaliera<\/a><\/li>\n\t<li id=\"menu-item-1480\" class=\"menu-item menu-item-type-post_type menu-item-object-page menu-item-1480\"><a href=\"https:\/\/www.asp.crotone.it\/?page_id=1477\">U.O.C. Direzione Medica di Presidio<\/a><\/li>\n\t<li id=\"menu-item-1467\" class=\"menu-item menu-item-type-post_type menu-item-object-page menu-item-1467\"><a href=\"https:\/\/www.asp.crotone.it\/?page_id=1204\">Dipartimenti Ospedale-Territorio<\/a><\/li>\n\t<li id=\"menu-item-1487\" class=\"menu-item menu-item-type-post_type menu-item-object-page menu-item-1487\"><a href=\"https:\/\/www.asp.crotone.it\/?page_id=1482\">Dipartimento Emergenza \u2013 Urgenza \u2013 Accettazione<\/a><\/li>\n\t<li id=\"menu-item-1486\" class=\"menu-item menu-item-type-post_type menu-item-object-page menu-item-1486\"><a href=\"https:\/\/www.asp.crotone.it\/?page_id=1483\">Dipartimento Salute Mentale e delle Dipendenze<\/a><\/li>\n\t<li id=\"menu-item-1485\" class=\"menu-item menu-item-type-post_type menu-item-object-page menu-item-1485\"><a href=\"https:\/\/www.asp.crotone.it\/?page_id=1484\">Dipartimento Interaziendale Materno \u2013 Infantile<\/a><\/li>\n\t<li id=\"menu-item-1493\" class=\"menu-item menu-item-type-post_type menu-item-object-page menu-item-1493\"><a href=\"https:\/\/www.asp.crotone.it\/?page_id=1205\">Distretto Sanitario Unico Aziendale<\/a><\/li>\n\t<li id=\"menu-item-1494\" class=\"menu-item menu-item-type-post_type menu-item-object-page menu-item-1494\"><a href=\"https:\/\/www.asp.crotone.it\/?page_id=1206\">Dipartimento di Prevenzione<\/a><\/li>\n<\/ul>\n<\/li>\n<li id=\"menu-item-1466\" class=\"menu-item menu-item-type-custom menu-item-object-custom menu-item-has-children menu-item-1466\"><a href=\"#\">Dipartimento Servizi Tecnico Amministrativi<\/a>\n<ul class=\"sub-menu\">\n\t<li id=\"menu-item-1491\" class=\"menu-item menu-item-type-post_type menu-item-object-page menu-item-1491\"><a href=\"https:\/\/www.asp.crotone.it\/?page_id=1207\">U.O.C. Affari Generali Legali e Assicurativi<\/a><\/li>\n\t<li id=\"menu-item-1490\" class=\"menu-item menu-item-type-post_type menu-item-object-page menu-item-1490\"><a href=\"https:\/\/www.asp.crotone.it\/?page_id=1208\">U.O.C. Gestione e Sviluppo Risorse Umane e Formazione<\/a><\/li>\n\t<li id=\"menu-item-1489\" class=\"menu-item menu-item-type-post_type menu-item-object-page menu-item-has-children menu-item-1489\"><a href=\"https:\/\/www.asp.crotone.it\/?page_id=1209\">U.O.C. Gestione Tecnico \u2013 Patrimoniale<\/a>\n\t<ul class=\"sub-menu\">\n\t\t<li id=\"menu-item-6701\" class=\"menu-item menu-item-type-post_type menu-item-object-page menu-item-6701\"><a href=\"https:\/\/www.asp.crotone.it\/?page_id=6372\">Ufficio Responsabile Transizione Digitale \u2013 RDT<\/a><\/li>\n\t<\/ul>\n<\/li>\n\t<li id=\"menu-item-1492\" class=\"menu-item menu-item-type-post_type menu-item-object-page menu-item-1492\"><a href=\"https:\/\/www.asp.crotone.it\/?page_id=1210\">U.O. C. Gestione Risorse Economiche e Finanziarie<\/a><\/li>\n\t<li id=\"menu-item-1488\" class=\"menu-item menu-item-type-post_type menu-item-object-page menu-item-1488\"><a href=\"https:\/\/www.asp.crotone.it\/?page_id=1211\">U.O.C. Provveditorato Economato e Gestione Logistica<\/a><\/li>\n<\/ul>\n<\/li>\n<\/ul>\t<\/div>\n\t\t\t\t<\/div>\n\n\t\t\t\t\t\t<\/div>\n\t\t\t\t<\/div>\n\t\t\t\t\t<\/div>\n\t\t<\/div>\n\t\t\t\t\t<\/div>\n\t\t<\/section>\n\t\t\t\t<section class=\"elementor-section elementor-top-section elementor-element elementor-element-45738926 elementor-section-boxed elementor-section-height-default elementor-section-height-default\" data-id=\"45738926\" data-element_type=\"section\">\n\t\t\t\t\t\t<div class=\"elementor-container elementor-column-gap-default\">\n\t\t\t\t\t<div class=\"elementor-column elementor-col-100 elementor-top-column elementor-element elementor-element-115e1dc2\" data-id=\"115e1dc2\" data-element_type=\"column\">\n\t\t\t<div class=\"elementor-widget-wrap elementor-element-populated\">\n\t\t\t\t\t\t<div class=\"elementor-element elementor-element-3a2ac9b6 elementor-widget elementor-widget-text-editor\" data-id=\"3a2ac9b6\" data-element_type=\"widget\" data-widget_type=\"text-editor.default\">\n\t\t\t\t<div class=\"elementor-widget-container\">\n\t\t\t\t\t\t\t\t\t<p>\u00a0<\/p><p>\u00a0<\/p>\t\t\t\t\t\t\t\t<\/div>\n\t\t\t\t<\/div>\n\t\t\t\t\t<\/div>\n\t\t<\/div>\n\t\t\t\t\t<\/div>\n\t\t<\/section>\n\t\t\t\t<\/div>\n\t\t","protected":false},"excerpt":{"rendered":"<p>Presidio di Crotone &#8211; Ospedale &#8220;San Giovanni di Dio&#8221; Direttore :e-mail: Numeri telefonici di riferimento:\u00a0Tel. 0962\/924188Email:\u00a0dipartimento\u00a0maternoinfantile@asp.crotone.it Il Dipartimento Materno Infantile \u00e8 costituito da Unit\u00e0 Operative miste (ospedaliere e territoriali), \u00e8, pertanto, di natura funzionale.Costituito su base [&hellip;]<\/p>\n","protected":false},"author":1,"featured_media":5605,"parent":0,"menu_order":0,"comment_status":"closed","ping_status":"closed","template":"","meta":{"footnotes":"","_links_to":"","_links_to_target":""},"class_list":["post-1484","page","type-page","status-publish","has-post-thumbnail","hentry"],"yoast_head":"<!-- This site is optimized with the Yoast SEO plugin v26.1.1 - https:\/\/yoast.com\/wordpress\/plugins\/seo\/ -->\n<title>Dipartimento Interaziendale Materno \u2013 Infantile - Azienda Sanitaria Provinciale di Crotone<\/title>\n<meta name=\"robots\" content=\"index, follow, max-snippet:-1, max-image-preview:large, max-video-preview:-1\" \/>\n<link rel=\"canonical\" href=\"https:\/\/www.asp.crotone.it\/?page_id=1484\" \/>\n<meta property=\"og:locale\" content=\"it_IT\" \/>\n<meta property=\"og:type\" content=\"article\" \/>\n<meta property=\"og:title\" content=\"Dipartimento Interaziendale Materno \u2013 Infantile - Azienda Sanitaria Provinciale di Crotone\" \/>\n<meta property=\"og:description\" content=\"Presidio di Crotone &#8211; Ospedale &#8220;San Giovanni di Dio&#8221; Direttore :e-mail: Numeri telefonici di riferimento:\u00a0Tel. 0962\/924188Email:\u00a0dipartimento\u00a0maternoinfantile@asp.crotone.it Il Dipartimento Materno Infantile \u00e8 costituito da Unit\u00e0 Operative miste (ospedaliere e territoriali), \u00e8, pertanto, di natura funzionale.Costituito su base [&hellip;]\" \/>\n<meta property=\"og:url\" content=\"https:\/\/www.asp.crotone.it\/?page_id=1484\" \/>\n<meta property=\"og:site_name\" content=\"Azienda Sanitaria Provinciale di Crotone\" \/>\n<meta property=\"article:modified_time\" content=\"2025-02-05T15:40:34+00:00\" \/>\n<meta property=\"og:image\" content=\"https:\/\/www.asp.crotone.it\/wp-content\/uploads\/2024\/07\/noimg.jpg\" \/>\n\t<meta property=\"og:image:width\" content=\"400\" \/>\n\t<meta property=\"og:image:height\" content=\"222\" \/>\n\t<meta property=\"og:image:type\" content=\"image\/jpeg\" \/>\n<meta name=\"twitter:card\" content=\"summary_large_image\" \/>\n<meta name=\"twitter:label1\" content=\"Tempo di lettura stimato\" \/>\n\t<meta name=\"twitter:data1\" content=\"1 minuto\" \/>\n<script type=\"application\/ld+json\" class=\"yoast-schema-graph\">{\"@context\":\"https:\/\/schema.org\",\"@graph\":[{\"@type\":\"WebPage\",\"@id\":\"https:\/\/www.asp.crotone.it\/?page_id=1484\",\"url\":\"https:\/\/www.asp.crotone.it\/?page_id=1484\",\"name\":\"Dipartimento Interaziendale Materno \u2013 Infantile - Azienda Sanitaria Provinciale di Crotone\",\"isPartOf\":{\"@id\":\"https:\/\/www.asp.crotone.it\/#website\"},\"primaryImageOfPage\":{\"@id\":\"https:\/\/www.asp.crotone.it\/?page_id=1484#primaryimage\"},\"image\":{\"@id\":\"https:\/\/www.asp.crotone.it\/?page_id=1484#primaryimage\"},\"thumbnailUrl\":\"https:\/\/www.asp.crotone.it\/wp-content\/uploads\/2024\/07\/noimg.jpg\",\"datePublished\":\"2023-02-14T00:58:40+00:00\",\"dateModified\":\"2025-02-05T15:40:34+00:00\",\"breadcrumb\":{\"@id\":\"https:\/\/www.asp.crotone.it\/?page_id=1484#breadcrumb\"},\"inLanguage\":\"it-IT\",\"potentialAction\":[{\"@type\":\"ReadAction\",\"target\":[\"https:\/\/www.asp.crotone.it\/?page_id=1484\"]}]},{\"@type\":\"ImageObject\",\"inLanguage\":\"it-IT\",\"@id\":\"https:\/\/www.asp.crotone.it\/?page_id=1484#primaryimage\",\"url\":\"https:\/\/www.asp.crotone.it\/wp-content\/uploads\/2024\/07\/noimg.jpg\",\"contentUrl\":\"https:\/\/www.asp.crotone.it\/wp-content\/uploads\/2024\/07\/noimg.jpg\",\"width\":400,\"height\":222},{\"@type\":\"BreadcrumbList\",\"@id\":\"https:\/\/www.asp.crotone.it\/?page_id=1484#breadcrumb\",\"itemListElement\":[{\"@type\":\"ListItem\",\"position\":1,\"name\":\"Home\",\"item\":\"https:\/\/www.asp.crotone.it\/\"},{\"@type\":\"ListItem\",\"position\":2,\"name\":\"Dipartimento Interaziendale Materno \u2013 Infantile\"}]},{\"@type\":\"WebSite\",\"@id\":\"https:\/\/www.asp.crotone.it\/#website\",\"url\":\"https:\/\/www.asp.crotone.it\/\",\"name\":\"Azienda Sanitaria Provinciale di Crotone\",\"description\":\"\",\"potentialAction\":[{\"@type\":\"SearchAction\",\"target\":{\"@type\":\"EntryPoint\",\"urlTemplate\":\"https:\/\/www.asp.crotone.it\/?s={search_term_string}\"},\"query-input\":{\"@type\":\"PropertyValueSpecification\",\"valueRequired\":true,\"valueName\":\"search_term_string\"}}],\"inLanguage\":\"it-IT\"}]}<\/script>\n<!-- \/ Yoast SEO plugin. -->","yoast_head_json":{"title":"Dipartimento Interaziendale Materno \u2013 Infantile - Azienda Sanitaria Provinciale di Crotone","robots":{"index":"index","follow":"follow","max-snippet":"max-snippet:-1","max-image-preview":"max-image-preview:large","max-video-preview":"max-video-preview:-1"},"canonical":"https:\/\/www.asp.crotone.it\/?page_id=1484","og_locale":"it_IT","og_type":"article","og_title":"Dipartimento Interaziendale Materno \u2013 Infantile - Azienda Sanitaria Provinciale di Crotone","og_description":"Presidio di Crotone &#8211; Ospedale &#8220;San Giovanni di Dio&#8221; Direttore :e-mail: Numeri telefonici di riferimento:\u00a0Tel. 0962\/924188Email:\u00a0dipartimento\u00a0maternoinfantile@asp.crotone.it Il Dipartimento Materno Infantile \u00e8 costituito da Unit\u00e0 Operative miste (ospedaliere e territoriali), \u00e8, pertanto, di natura funzionale.Costituito su base [&hellip;]","og_url":"https:\/\/www.asp.crotone.it\/?page_id=1484","og_site_name":"Azienda Sanitaria Provinciale di Crotone","article_modified_time":"2025-02-05T15:40:34+00:00","og_image":[{"width":400,"height":222,"url":"https:\/\/www.asp.crotone.it\/wp-content\/uploads\/2024\/07\/noimg.jpg","type":"image\/jpeg"}],"twitter_card":"summary_large_image","twitter_misc":{"Tempo di lettura stimato":"1 minuto"},"schema":{"@context":"https:\/\/schema.org","@graph":[{"@type":"WebPage","@id":"https:\/\/www.asp.crotone.it\/?page_id=1484","url":"https:\/\/www.asp.crotone.it\/?page_id=1484","name":"Dipartimento Interaziendale Materno \u2013 Infantile - Azienda Sanitaria Provinciale di Crotone","isPartOf":{"@id":"https:\/\/www.asp.crotone.it\/#website"},"primaryImageOfPage":{"@id":"https:\/\/www.asp.crotone.it\/?page_id=1484#primaryimage"},"image":{"@id":"https:\/\/www.asp.crotone.it\/?page_id=1484#primaryimage"},"thumbnailUrl":"https:\/\/www.asp.crotone.it\/wp-content\/uploads\/2024\/07\/noimg.jpg","datePublished":"2023-02-14T00:58:40+00:00","dateModified":"2025-02-05T15:40:34+00:00","breadcrumb":{"@id":"https:\/\/www.asp.crotone.it\/?page_id=1484#breadcrumb"},"inLanguage":"it-IT","potentialAction":[{"@type":"ReadAction","target":["https:\/\/www.asp.crotone.it\/?page_id=1484"]}]},{"@type":"ImageObject","inLanguage":"it-IT","@id":"https:\/\/www.asp.crotone.it\/?page_id=1484#primaryimage","url":"https:\/\/www.asp.crotone.it\/wp-content\/uploads\/2024\/07\/noimg.jpg","contentUrl":"https:\/\/www.asp.crotone.it\/wp-content\/uploads\/2024\/07\/noimg.jpg","width":400,"height":222},{"@type":"BreadcrumbList","@id":"https:\/\/www.asp.crotone.it\/?page_id=1484#breadcrumb","itemListElement":[{"@type":"ListItem","position":1,"name":"Home","item":"https:\/\/www.asp.crotone.it\/"},{"@type":"ListItem","position":2,"name":"Dipartimento Interaziendale Materno \u2013 Infantile"}]},{"@type":"WebSite","@id":"https:\/\/www.asp.crotone.it\/#website","url":"https:\/\/www.asp.crotone.it\/","name":"Azienda Sanitaria Provinciale di Crotone","description":"","potentialAction":[{"@type":"SearchAction","target":{"@type":"EntryPoint","urlTemplate":"https:\/\/www.asp.crotone.it\/?s={search_term_string}"},"query-input":{"@type":"PropertyValueSpecification","valueRequired":true,"valueName":"search_term_string"}}],"inLanguage":"it-IT"}]}},"_links":{"self":[{"href":"https:\/\/www.asp.crotone.it\/index.php?rest_route=\/wp\/v2\/pages\/1484","targetHints":{"allow":["GET"]}}],"collection":[{"href":"https:\/\/www.asp.crotone.it\/index.php?rest_route=\/wp\/v2\/pages"}],"about":[{"href":"https:\/\/www.asp.crotone.it\/index.php?rest_route=\/wp\/v2\/types\/page"}],"author":[{"embeddable":true,"href":"https:\/\/www.asp.crotone.it\/index.php?rest_route=\/wp\/v2\/users\/1"}],"replies":[{"embeddable":true,"href":"https:\/\/www.asp.crotone.it\/index.php?rest_route=%2Fwp%2Fv2%2Fcomments&post=1484"}],"version-history":[{"count":0,"href":"https:\/\/www.asp.crotone.it\/index.php?rest_route=\/wp\/v2\/pages\/1484\/revisions"}],"wp:featuredmedia":[{"embeddable":true,"href":"https:\/\/www.asp.crotone.it\/index.php?rest_route=\/wp\/v2\/media\/5605"}],"wp:attachment":[{"href":"https:\/\/www.asp.crotone.it\/index.php?rest_route=%2Fwp%2Fv2%2Fmedia&parent=1484"}],"curies":[{"name":"wp","href":"https:\/\/api.w.org\/{rel}","templated":true}]}}